{"id":20342,"date":"2025-05-02T00:00:00","date_gmt":"2025-05-01T22:00:00","guid":{"rendered":"https:\/\/uranolearning.com\/?post_type=product&#038;p=20342"},"modified":"2025-12-07T09:08:38","modified_gmt":"2025-12-07T08:08:38","slug":"secretos-para-vivir-la-vida-que-quieres-definitivo","status":"publish","type":"product","link":"https:\/\/uranolearning.com\/?product=secretos-para-vivir-la-vida-que-quieres-definitivo","title":{"rendered":"Secretos para vivir la vida que quieres"},"content":{"rendered":"<p>Secretos para vivir la vida que deseas te ayudar\u00e1 a encontrar la verdadera libertad: la libertad de volver a conectar con el poder del amor en tu coraz\u00f3n, de superar los muros y las protecciones, y de disolver los bloqueos para que el amor pueda fluir m\u00e1s plenamente en todas tus relaciones y te aporte verdadera intimidad y plenitud. Te dar\u00e1 la libertad de dejar de cometer los mismos errores o de quedarte atascado en los mismos lugares. Y emerger\u00e1s con la libertad de expresar tu yo completo y magn\u00edfico, y de vivir con nueva confianza, claridad y paz genuina.<\/p>\n","protected":false},"excerpt":{"rendered":"<p>Secretos para vivir la vida que deseas te ayudar\u00e1 a encontrar la verdadera libertad: la libertad de volver a conectar con el poder del amor en tu coraz\u00f3n, de superar&hellip;<\/p>\n","protected":false},"featured_media":20343,"comment_status":"open","ping_status":"closed","template":"","meta":[],"product_brand":[],"product_cat":[322],"product_tag":[],"class_list":{"0":"post-20342","1":"product","2":"type-product","3":"status-publish","4":"has-post-thumbnail","6":"product_cat-videocurso","8":"first","9":"instock","10":"taxable","11":"shipping-taxable","12":"purchasable","13":"product-type-simple"},"jetpack_sharing_enabled":true,"_links":{"self":[{"href":"https:\/\/uranolearning.com\/index.php?rest_route=\/wp\/v2\/product\/20342","targetHints":{"allow":["GET"]}}],"collection":[{"href":"https:\/\/uranolearning.com\/index.php?rest_route=\/wp\/v2\/product"}],"about":[{"href":"https:\/\/uranolearning.com\/index.php?rest_route=\/wp\/v2\/types\/product"}],"replies":[{"embeddable":true,"href":"https:\/\/uranolearning.com\/index.php?rest_route=%2Fwp%2Fv2%2Fcomments&post=20342"}],"wp:featuredmedia":[{"embeddable":true,"href":"https:\/\/uranolearning.com\/index.php?rest_route=\/wp\/v2\/media\/20343"}],"wp:attachment":[{"href":"https:\/\/uranolearning.com\/index.php?rest_route=%2Fwp%2Fv2%2Fmedia&parent=20342"}],"wp:term":[{"taxonomy":"product_brand","embeddable":true,"href":"https:\/\/uranolearning.com\/index.php?rest_route=%2Fwp%2Fv2%2Fproduct_brand&post=20342"},{"taxonomy":"product_cat","embeddable":true,"href":"https:\/\/uranolearning.com\/index.php?rest_route=%2Fwp%2Fv2%2Fproduct_cat&post=20342"},{"taxonomy":"product_tag","embeddable":true,"href":"https:\/\/uranolearning.com\/index.php?rest_route=%2Fwp%2Fv2%2Fproduct_tag&post=20342"}],"curies":[{"name":"wp","href":"https:\/\/api.w.org\/{rel}","templated":true}]}}