{"id":20269,"date":"2024-09-27T18:11:39","date_gmt":"2024-09-27T16:11:39","guid":{"rendered":"https:\/\/uranolearning.com\/?post_type=product&#038;p=20269"},"modified":"2026-04-29T00:38:56","modified_gmt":"2026-04-28T22:38:56","slug":"curso-de-inversion-en-bolsa-energy-bolsa-ii","status":"publish","type":"product","link":"https:\/\/uranolearning.com\/?product=curso-de-inversion-en-bolsa-energy-bolsa-ii","title":{"rendered":"Curso de Inversi\u00f3n en Bolsa. Energy Bolsa II"},"content":{"rendered":"<h5><strong>OBJETIVOS <\/strong><\/h5>\n<p>Tras haber cursado el Energy M\u00e1ster Bolsa I, llega el Energy M\u00e1ster Bolsa II para profundizar m\u00e1s en lo aprendido ampliando muchos de los conocimientos. El EMB2 es un complemento al EMB1, no es recomendable cursarlo sin haber hecho previamente el uno.<\/p>\n<ul>\n<li>El objetivo principal del EMB2, es no quedarte atr\u00e1s, seguir aprendiendo para convertirte en un experto en el mundo financiero.<\/li>\n<li>Crear los mejores profesionales del sector, din\u00e1micos, con un amplio conocimiento de las herramientas del mercado y capacidad de an\u00e1lisis.<\/li>\n<li>Conseguir el certificado oficial de la Universidad Isabel I<\/li>\n<\/ul>\n<h5><strong>\u00bfA QUI\u00c9N VA DIRIGIDO?<\/strong><\/h5>\n<ul>\n<li>A todas las personas que buscan formarse en los mercados financieros para gestionar sus ahorros o que piensan dedicarse un d\u00eda profesionalmente dentro del sector financiero.<\/li>\n<li>Inversores particulares interesados en potenciar sus conocimientos sobre los mercados financieros de una manera pr\u00e1ctica a trav\u00e9s de profesionales del sector.<\/li>\n<li>Licenciados y graduados superiores con alto grado de inter\u00e9s profesional por las finanzas.<\/li>\n<li>Profesionales que desempe\u00f1an su trabajo en empresas de servicios de inversi\u00f3n (Gestoras, Agencias y Sociedades de Valores, Banca y EAFIS) Sociedades de Valores, Banca y EAFIS).<\/li>\n<\/ul>\n<h5>METODOLOG\u00cdA<\/h5>\n<ul>\n<li>Metodolog\u00eda basada en el microlearning para potenciar el conocimiento a trav\u00e9s de formaci\u00f3n concreta y enfocada en las claves del aprendizaje dedicando tan solo 15 minutos al d\u00eda.<\/li>\n<li>Simulaciones pr\u00e1cticas con resoluci\u00f3n de casos.<\/li>\n<\/ul>\n<h5>TITULACI\u00d3N<\/h5>\n<p><strong>T\u00edtulo certificado por la Universidad de <\/strong><strong>Isabel I.<\/strong><br \/>\nTras finalizar los dos programas formativos: ENERGY M\u00c1STER BOLSA I Y ENERGY M\u00c1STER BOLSA II y habiendo superado el examen final.<\/p>\n<p><em>*Tasas del T\u00edtulo Certificado no incluidas.<\/em><\/p>\n<h5><strong>PROGRAMA<\/strong><\/h5>\n<p><strong>EMB2:<\/strong><\/p>\n<p><strong>ENERGY M\u00c1STER BOLSA<\/strong><\/p>\n<p><strong>BLOQUE I: An\u00e1lisis t\u00e9cnico avanzado<\/strong><br \/>\n1. En las alcantarillas del mercado existen indicadores que solo ven manos fuertes y que nos dan pistas decisivas.<br \/>\nNo espere verlos en los medios tradicionales. \u00a1Afortunadamente!<br \/>\n2. Tenemos que aprender a ver el mercado como lo ven los grandes inversores.<br \/>\n3. Y adem\u00e1s rescatar del ba\u00fal de los recuerdos algunos cl\u00e1sicos, para verlos de una manera alternativa.<br \/>\n4. Es importante que nos quitemos la venda de los ojos y comprendamos que en el mercado hay part\u00edcipes muy<br \/>\npoderosos que manipulan y adem\u00e1s lo hacen muy bien.<br \/>\n5. Prueba de validaci\u00f3n de conocimientos (tipo test).<\/p>\n<p><strong>BLOQUE II: Diseccionando y mejorando nuestro sistema operativo<\/strong><br \/>\n1. Enfoque a corto, medio y largo plazo. Concretando d\u00f3nde entrar y salir.<br \/>\n2. Algunos m\u00e9todos especiales para el largo plazo.<br \/>\n3. Mejorando nuestros sistemas.<br \/>\n4. Prueba de validaci\u00f3n de conocimientos (tipo test).<\/p>\n<p><strong>BLOQUE III: Durante 20 v\u00eddeos grabados con el mercado en directo repasaremos operativa pr\u00e1ctica<\/strong><br \/>\n1. Aprovechemos para algunos trucos muy pr\u00e1cticos.<br \/>\n2. Y al final sorpresa, un indicador nuevo para poder operar en laterales y para otros usos muy valiosos.<br \/>\n3. Ejemplos pr\u00e1cticos de operativa de mercado.<\/p>\n<p><strong>BLOQUE IV: De nada sirve todo lo aprendido si no conseguimos controlar nuestra mente<\/strong><br \/>\n1. \u201cSesiones de psicoan\u00e1lisis colectivas\u201d Vamos a reflexionar sobre algunas cuestiones avanzadas que nos dejamos<br \/>\npendientes en la primera parte.<br \/>\n2. Psicolog\u00eda del mercado aplicada.<br \/>\n3. Prueba de validaci\u00f3n de conocimientos (tipo test).<\/p>\n<p><strong>BLOQUE V: An\u00e1lisis fundamental. Valoraci\u00f3n de empresas<\/strong><br \/>\n1. No pensemos que solo el an\u00e1lisis t\u00e9cnico sirve.<br \/>\n2. El an\u00e1lisis fundamental igualmente es imprescindible. Lo enfocamos de manera seria, rigurosa y pr\u00e1ctica.<br \/>\n3. El fundamental nos dir\u00e1 el qu\u00e9, el t\u00e9cnico cu\u00e1ndo.<br \/>\n4. Prueba de validaci\u00f3n de conocimientos (tipo test).<\/p>\n<p><strong>BLOQUE VI: Trading autom\u00e1tico desde cero<\/strong><br \/>\n1. Una posibilidad cada vez m\u00e1s usada.<br \/>\n2. Permite que la mente no nos juegue malas pasadas.<br \/>\n4. Aunque no queramos automatizar completamente todo, \u00bfpor qu\u00e9 no una parte?<br \/>\n5. Prueba de validaci\u00f3n de conocimientos (tipo test).<\/p>\n<p><strong>BLOQUE VII: Inversiones alternativas<\/strong><br \/>\n1. Antiguamente la \u00fanica inversi\u00f3n posible era en bolsa, pero entonces se bailaba el charlest\u00f3n\u2026 Hoy en d\u00eda tenemos<br \/>\nmuchas m\u00e1s posibilidades.<br \/>\n2. Descubramos un mundo muy bonito y completo de inversi\u00f3n en nuevos mercados.<br \/>\n3. Prueba de validaci\u00f3n de conocimientos (tipo test).<\/p>\n","protected":false},"excerpt":{"rendered":"<h5>A qui\u00e9n va dirigido?<\/h5>\n<ul>\n<li>Inversores particulares interesados en potenciar sus conocimientos sobre los mercados financieros de una manera pr\u00e1ctica a trav\u00e9s de profesionales del sector.<\/li>\n<li><strong>Licenciados y graduados superiores<\/strong> con alto grado de inter\u00e9s profesional por las finanzas.<\/li>\n<li><strong>Profesionales<\/strong> que desempe\u00f1an su trabajo en empresas de servicios de inversi\u00f3n (Gestoras, Agencias y Sociedades de Valores, Banca y EAFIS).<\/li>\n<\/ul>\n","protected":false},"featured_media":20270,"comment_status":"open","ping_status":"closed","template":"","meta":[],"product_brand":[],"product_cat":[338],"product_tag":[],"class_list":{"0":"post-20269","1":"product","2":"type-product","3":"status-publish","4":"has-post-thumbnail","6":"product_cat-inversion-y-finanzas","8":"first","9":"instock","10":"taxable","11":"shipping-taxable","12":"product-type-external"},"jetpack_sharing_enabled":true,"_links":{"self":[{"href":"https:\/\/uranolearning.com\/index.php?rest_route=\/wp\/v2\/product\/20269","targetHints":{"allow":["GET"]}}],"collection":[{"href":"https:\/\/uranolearning.com\/index.php?rest_route=\/wp\/v2\/product"}],"about":[{"href":"https:\/\/uranolearning.com\/index.php?rest_route=\/wp\/v2\/types\/product"}],"replies":[{"embeddable":true,"href":"https:\/\/uranolearning.com\/index.php?rest_route=%2Fwp%2Fv2%2Fcomments&post=20269"}],"wp:featuredmedia":[{"embeddable":true,"href":"https:\/\/uranolearning.com\/index.php?rest_route=\/wp\/v2\/media\/20270"}],"wp:attachment":[{"href":"https:\/\/uranolearning.com\/index.php?rest_route=%2Fwp%2Fv2%2Fmedia&parent=20269"}],"wp:term":[{"taxonomy":"product_brand","embeddable":true,"href":"https:\/\/uranolearning.com\/index.php?rest_route=%2Fwp%2Fv2%2Fproduct_brand&post=20269"},{"taxonomy":"product_cat","embeddable":true,"href":"https:\/\/uranolearning.com\/index.php?rest_route=%2Fwp%2Fv2%2Fproduct_cat&post=20269"},{"taxonomy":"product_tag","embeddable":true,"href":"https:\/\/uranolearning.com\/index.php?rest_route=%2Fwp%2Fv2%2Fproduct_tag&post=20269"}],"curies":[{"name":"wp","href":"https:\/\/api.w.org\/{rel}","templated":true}]}}