{"id":20267,"date":"2024-09-27T17:55:36","date_gmt":"2024-09-27T15:55:36","guid":{"rendered":"https:\/\/uranolearning.com\/?post_type=product&#038;p=20267"},"modified":"2026-04-22T14:49:03","modified_gmt":"2026-04-22T12:49:03","slug":"curso-de-inversion-en-bolsa-energy-bolsa-i","status":"publish","type":"product","link":"https:\/\/uranolearning.com\/?product=curso-de-inversion-en-bolsa-energy-bolsa-i","title":{"rendered":"Curso de Inversi\u00f3n en Bolsa. Energy Bolsa I"},"content":{"rendered":"<h5><strong>OBJETIVOS <\/strong><\/h5>\n<ul>\n<li>Crear los mejores profesionales del sector, din\u00e1micos, con un amplio conocimiento de las herramientas del mercado y capacidad de an\u00e1lisis<\/li>\n<li>Preparaci\u00f3n para el ejercicio profesional relacionado con las finanzas, el manejo de instrumentos y metodolog\u00edas, y el desarrollo de habilidades para llevar a cabo, de manera eficaz la toma de decisiones de inversi\u00f3n, desinversi\u00f3n y financiaci\u00f3n.<\/li>\n<li>Aprender lo esencial para maximizar tus inversiones a trav\u00e9s de la metodolog\u00eda del microlearning: MENOS TIEMPO, MENOS ROLLOS , MENOS DINERO, M\u00c1S CONOCIMIENTO<\/li>\n<li>Alcanzar gran solidez en la t\u00e9cnica de los Mercados Financieros<\/li>\n<\/ul>\n<h5><strong>\u00bfA QUI\u00c9N VA DIRIGIDO?<\/strong><\/h5>\n<ul>\n<li>A todas las personas que buscan formarse en los mercados financieros para gestionar sus ahorros o que piensan dedicarse un d\u00eda profesionalmente dentro del sector financiero.<\/li>\n<li>Inversores particulares interesados en potenciar sus conocimientos sobre los mercados financieros de una manera pr\u00e1ctica a trav\u00e9s de profesionales del sector.<\/li>\n<li>Licenciados y graduados superiores con alto grado de inter\u00e9s profesional por las finanzas.<\/li>\n<li>Profesionales que desempe\u00f1an su trabajo en empresas de servicios de inversi\u00f3n (Gestoras, Agencias y Sociedades de Valores, Banca y EAFIS) Sociedades de Valores, Banca y EAFIS).<\/li>\n<\/ul>\n<h5>METODOLOG\u00cdA<\/h5>\n<ul>\n<li>Metodolog\u00eda basada en el microlearning para potenciar el conocimiento a trav\u00e9s de formaci\u00f3n concreta y enfocada en las claves del aprendizaje.<\/li>\n<li>Simulaciones pr\u00e1cticas con resoluci\u00f3n de casos.<\/li>\n<\/ul>\n<h5>TITULACI\u00d3N<\/h5>\n<p><strong>T\u00edtulo certificado por la Universidad de <\/strong><strong>Isabel I.<\/strong><br \/>\nTras finalizar los dos programas formativos: ENERGY M\u00c1STER BOLSA I Y ENERGY M\u00c1STER BOLSA II y habiendo superado el examen final.<\/p>\n<p><em>*Tasas del T\u00edtulo Certificado no incluidas.<\/em><\/p>\n<h5><strong>PROGRAMA<\/strong><\/h5>\n<p><strong>EMB1:<\/strong><br \/>\n<strong>ENERGY M\u00c1STER BOLSA<\/strong><\/p>\n<p><strong>BLOQUE I: Empezando desde cero. \u00a1Todos!<\/strong><br \/>\n1. Desprogramaci\u00f3n de quien cree saber.<br \/>\n2. An\u00e1lisis t\u00e9cnico visto desde un modo diferente. \u00bfPor qu\u00e9 aprender a calcular la ra\u00edz cuadrada si tiene calculadora?<br \/>\n3. Principio de pareto 80\/20 aplicado al an\u00e1lisis t\u00e9cnico.<br \/>\n4. Aprendiendo de manera visual. \u00a1Prohibido tomar notas!<br \/>\n5. Prueba de validaci\u00f3n de conocimientos (tipo test).<\/p>\n<p><strong>BLOQUE II: An\u00e1lisis t\u00e9cnico absoluto desde la pr\u00e1ctica m\u00e1s absoluta\u2026 y nociones de an\u00e1lisis fundamental<\/strong><br \/>\n1. Todos los indicadores muestran lo mismo. Aprendamos sobre los m\u00e1s eficientes de manera visual. \u00a1Sigue<br \/>\nestando prohibido tomar apuntes!<br \/>\n2. Atenci\u00f3n muy especial a los estudios cl\u00e1sicos: impulsos, retrocesos, de manera f\u00e1cil.<br \/>\n3. Fundamentales valiosos para navegar en los mercados.<br \/>\n4. Macroeconom\u00eda de una forma amena.<br \/>\n5. Prueba de validaci\u00f3n de conocimientos (tipo test).<\/p>\n<p><strong>BLOQUE III: Si no sabemos administrar el dinero, no nos servir\u00e1 de nada lo aprendido<\/strong><br \/>\n1. Black jack. Juguemos algunas partidas.<br \/>\n2. Se puede ganar m\u00e1s con una buena estrategia de money management que con un buen sistema.<br \/>\n3. Prueba de validaci\u00f3n de conocimientos (tipo test).<\/p>\n<p><strong>BLOQUE IV: \u00bfNo tiene usted ni idea de inform\u00e1tica? Yo, tampoco<\/strong><br \/>\n1. Para conducir un coche no hace falta saber de mec\u00e1nica.<br \/>\n2. Construyamos juntos un sistema autom\u00e1tico sencillo.<br \/>\n3. Prueba de validaci\u00f3n de conocimientos (tipo test).<\/p>\n<p><strong>BLOQUE V: Los mercados en el corto plazo<\/strong><br \/>\n1. Adaptemos el corto plazo a nuestra falta de tiempo.<br \/>\n2. Swing trading: la gran arma que permite trabajar a corto plazo sin estr\u00e9s, con la flexibilidad del poderlo alargar.<br \/>\n3. Ejemplos y m\u00e1s ejemplos. Lluvia de ejemplos.<br \/>\n4. Aprendiendo nuestros primeros sistemas serios de manera f\u00e1cil y sin teor\u00eda.<br \/>\n5. Prueba de validaci\u00f3n de conocimientos (tipo test).<\/p>\n<p><strong>BLOQUE VI: El largo plazo no es solo para millonarios que esperan a\u00f1os y a\u00f1os. Tambi\u00e9n puede ser apasionante<\/strong><br \/>\n1. Teor\u00eda de asignaci\u00f3n de activos en cartera simplificada. Se sorprender\u00e1 lo que se puede mejorar la cartera s\u00f3lo<br \/>\nsabiendo que teclas tocar.<br \/>\n3. M\u00e1s sistemas de largo plazo.<br \/>\n4. Muchos ejemplos, ejemplos y m\u00e1s ejemplos.<br \/>\n5. Prueba de validaci\u00f3n de conocimientos (tipo test).<\/p>\n<p><strong>BLOQUE VII: Y ahora que sabemos tanto\u2026, vamos a olvidarlo todo<\/strong><br \/>\n1. Aprendiendo sobre el alma del mercado: el price action.<br \/>\n2. Bailando al ritmo de los mercados.<br \/>\n3. Prueba de validaci\u00f3n de conocimientos (tipo test).<\/p>\n<p><strong>BLOQUE VIII: C\u00f3mo saber de opciones y no morir en el intento. Partiendo del cero absoluto<\/strong><br \/>\n1. El sistema perfecto para los aburridos laterales.<br \/>\n2. Un mundo m\u00e1gico que no se descubre en manuales llenos de teor\u00eda, sino comprendiendo que las matem\u00e1ticas<br \/>\n\u00a1dan dinero!<br \/>\n3. El mundo del NO ESTR\u00c9S financiero.<br \/>\n4. Prueba de validaci\u00f3n de conocimientos (tipo test).<\/p>\n<p><strong>BLOQUE IX: Hablemos de nuestro peor enemigo: \u00a1nuestra mente!<\/strong><br \/>\n1. Psicolog\u00eda del inversor.<br \/>\n2. Experiencias con nosotros mismos.<br \/>\n3. Aprendiendo de la experiencia de otros.<br \/>\n4. Autocoaching.<br \/>\n5. Prueba de validaci\u00f3n de conocimientos (tipo test).<\/p>\n","protected":false},"excerpt":{"rendered":"<h5>A qui\u00e9n va dirigido?<\/h5>\n<ul>\n<li>Inversores particulares interesados en potenciar sus conocimientos sobre los mercados financieros de una manera pr\u00e1ctica a trav\u00e9s de profesionales del sector.<\/li>\n<li><strong>Licenciados y graduados superiores<\/strong> con alto grado de inter\u00e9s profesional por las finanzas.<\/li>\n<li><strong>Profesionales<\/strong> que desempe\u00f1an su trabajo en empresas de servicios de inversi\u00f3n (Gestoras, Agencias y Sociedades de Valores, Banca y EAFIS).<\/li>\n<\/ul>\n","protected":false},"featured_media":20268,"comment_status":"open","ping_status":"closed","template":"","meta":[],"product_brand":[],"product_cat":[338],"product_tag":[],"class_list":{"0":"post-20267","1":"product","2":"type-product","3":"status-publish","4":"has-post-thumbnail","6":"product_cat-inversion-y-finanzas","8":"first","9":"instock","10":"taxable","11":"shipping-taxable","12":"product-type-external"},"jetpack_sharing_enabled":true,"_links":{"self":[{"href":"https:\/\/uranolearning.com\/index.php?rest_route=\/wp\/v2\/product\/20267","targetHints":{"allow":["GET"]}}],"collection":[{"href":"https:\/\/uranolearning.com\/index.php?rest_route=\/wp\/v2\/product"}],"about":[{"href":"https:\/\/uranolearning.com\/index.php?rest_route=\/wp\/v2\/types\/product"}],"replies":[{"embeddable":true,"href":"https:\/\/uranolearning.com\/index.php?rest_route=%2Fwp%2Fv2%2Fcomments&post=20267"}],"wp:featuredmedia":[{"embeddable":true,"href":"https:\/\/uranolearning.com\/index.php?rest_route=\/wp\/v2\/media\/20268"}],"wp:attachment":[{"href":"https:\/\/uranolearning.com\/index.php?rest_route=%2Fwp%2Fv2%2Fmedia&parent=20267"}],"wp:term":[{"taxonomy":"product_brand","embeddable":true,"href":"https:\/\/uranolearning.com\/index.php?rest_route=%2Fwp%2Fv2%2Fproduct_brand&post=20267"},{"taxonomy":"product_cat","embeddable":true,"href":"https:\/\/uranolearning.com\/index.php?rest_route=%2Fwp%2Fv2%2Fproduct_cat&post=20267"},{"taxonomy":"product_tag","embeddable":true,"href":"https:\/\/uranolearning.com\/index.php?rest_route=%2Fwp%2Fv2%2Fproduct_tag&post=20267"}],"curies":[{"name":"wp","href":"https:\/\/api.w.org\/{rel}","templated":true}]}}