{"id":20265,"date":"2024-09-27T17:44:20","date_gmt":"2024-09-27T15:44:20","guid":{"rendered":"https:\/\/uranolearning.com\/?post_type=product&#038;p=20265"},"modified":"2026-04-22T14:50:43","modified_gmt":"2026-04-22T12:50:43","slug":"curso-intensivo-de-scalping","status":"publish","type":"product","link":"https:\/\/uranolearning.com\/?product=curso-intensivo-de-scalping","title":{"rendered":"Curso intensivo de Scalping"},"content":{"rendered":"<h5><strong>OBJETIVOS <\/strong><\/h5>\n<ul>\n<li aria-level=\"1\">Comprender los movimientos del precio y los patrones que se presentan en \u00e9l para identificar las Zonas de Alta Probabilidad.<\/li>\n<li aria-level=\"1\">Preparar de manera meticulosa y estructurada cada sesi\u00f3n de Scalping, con el objetivo de justificar la raz\u00f3n detr\u00e1s de nuestras decisiones de entrada en una operaci\u00f3n.<\/li>\n<li aria-level=\"1\">Ser capaz de identificar con precisi\u00f3n los puntos de entrada en una operaci\u00f3n, bas\u00e1ndonos en los marcos temporales relevantes.<\/li>\n<li aria-level=\"1\">Adquirir las habilidades necesarias para ejecutar con exactitud la colocaci\u00f3n de las \u00f3rdenes en el mercado.<\/li>\n<li aria-level=\"1\">Familiarizarse con las diferentes estrategias de gesti\u00f3n y salida de las operaciones.<\/li>\n<li aria-level=\"1\">Aprender a realizar un an\u00e1lisis exhaustivo de cada operaci\u00f3n, tanto de manera individual como en conjunto, con el fin de identificar los errores principales y realizar los ajustes necesarios.<\/li>\n<li aria-level=\"1\">Reconocer y minimizar los posibles errores intencionados que pueden surgir en las distintas etapas del proceso operativo, haciendo uso de las herramientas adecuadas.<\/li>\n<\/ul>\n<h5><strong>METODOLOG\u00cdA<\/strong><\/h5>\n<p>El Programa de Especializaci\u00f3n en Scalping, se imparte online en directo, mediante clases te\u00f3ricas y pr\u00e1cticas que estar\u00e1n disponibles para que el alumno pueda, posterior al horario de clase y en cualquier momento, volver a visualizar y revisar el contenido para una mejor asimilaci\u00f3n y aprendizaje.<\/p>\n<p>Esta metodolog\u00eda permite al alumno aprender en un contexto din\u00e1mico e interactivo con contacto directo con el profesor a la vez que podr\u00e1 consolidar lo aprendido con las grabaciones disponibles.<\/p>\n<ul>\n<li aria-level=\"1\"><b>Acceso en tiempo real:<\/b> Participaci\u00f3n en clases en directo, permitiendo interacci\u00f3n inmediata con el instructor.<\/li>\n<li aria-level=\"1\"><b>Flexibilidad horaria:<\/b> Posibilidad de revisar las clases grabadas en cualquier momento para una asimilaci\u00f3n efectiva.<\/li>\n<li aria-level=\"1\"><b>Aprendizaje interactivo<\/b>: Entorno din\u00e1mico que fomenta la comprensi\u00f3n pr\u00e1ctica de las t\u00e9cnicas de Scalping.<\/li>\n<li aria-level=\"1\"><b>Consolidaci\u00f3n del conocimiento<\/b>: Grabaciones disponibles para reforzar y repasar lo aprendido.<\/li>\n<\/ul>\n<h5><strong>PROGRAMA<\/strong><\/h5>\n<p><b>M\u00d3DULO 1: INTRODUCCI\u00d3N AL SCALPING<\/b><br \/>\n\u00bfQu\u00e9 es el scalping?<br \/>\nScalping vs. Swing Trading.<br \/>\n\u00bfPodemos vivir del trading?<br \/>\nEl Scalping de forma profesional.<br \/>\nActivos y derivados apropiados para esta operativa: Los Futuros.<br \/>\nLa importancia del Trading Plan:<br \/>\nAspectos personales.<br \/>\nReglas generales.<br \/>\nGesti\u00f3n del capital.<br \/>\nLa clave: Equilibrio entre Ratio de Acierto y Ratio Riesgo-Beneficio.<br \/>\n\u00bfCu\u00e1ntas operaciones podemos hacer?<br \/>\nEl sistema de trading.<br \/>\nEtapas hacia la consistencia: t\u00e9cnica y completa.<br \/>\nEl Sistema de Trading:<br \/>\nLas fases del proceso operativo.<br \/>\n\u00bfA qu\u00e9 da respuesta cada fase?<br \/>\nIntensidad t\u00e9cnica y emocional.<br \/>\nNuestros marcos temporales.<br \/>\nEvitemos la imprecisi\u00f3n en el Scalping.<\/p>\n<p><b>M\u00d3DULO 2: EL MOVIMIENTO DEL PRECIO Y SUS ZONAS DE ALTA PROBABILIDAD<\/b><br \/>\n\u00bfPor qu\u00e9 es importante saber leer un gr\u00e1fico?<br \/>\nSoportes y resistencias.<br \/>\nLa magia de la confluencia.<br \/>\nEstructuras de continuaci\u00f3n de la tendencia y su Z.A.P.<br \/>\nEstructuras de giro y sus Z.A.P.\u2019s.<br \/>\nLas velas japonesas y las velas Heiken Ashi.<br \/>\nLas manipulaciones.<br \/>\nLa multitemporalidad.<br \/>\nIndicadores y osciladores.<br \/>\nPr\u00e1cticas.<\/p>\n<p><b>M\u00d3DULO 3: FASE 1 DEL PROCESO OPERATIVO: CONFIGURACI\u00d3N DE LA PLATAFORMA Y GRAFICACI\u00d3N MULTITEMPORAL.<\/b><br \/>\nConfiguraci\u00f3n de la plataforma.<br \/>\nLa importancia de la preparaci\u00f3n de la sesi\u00f3n.<br \/>\nLas noticias relevantes del d\u00eda.<br \/>\n\u00bfEs importante la macroeconom\u00eda para hacer Scalping?<br \/>\n\u00bfA qu\u00e9 da respuesta la fase 1 del proceso operativo?: El por qu\u00e9 (idea de la operaci\u00f3n)<br \/>\nLas fases en la Fase 1:<br \/>\nGraficaci\u00f3n multitemporal:<br \/>\nLos marcos temporales superiores.<br \/>\nNuestro marco temporal mayor: El gr\u00e1fico de 1 hora (H1).<br \/>\nCreaci\u00f3n de escenarios y sus fases:<br \/>\nLos posibles movimientos de la sesi\u00f3n.<br \/>\nReflexiones de posicionamiento de cada escenario.<br \/>\nUn paso m\u00e1s: Las estrategias en cada escenario.<br \/>\nGraficaci\u00f3n multitemporal.<br \/>\nLa gesti\u00f3n emocional en esta fase.<br \/>\nPr\u00e1cticas.<\/p>\n<p><b>M\u00d3DULO 4: FASE 1 DEL PROCESO OPERATIVO: LA CREACI\u00d3N DE ESCENARIOS.<\/b><br \/>\n\u00bfQu\u00e9 significa crear escenarios?<br \/>\n\u00bfPor qu\u00e9 es clave esta fase dentro del proceso operativo?<br \/>\n\u00bfEn qu\u00e9 marco temporal crearemos escenarios?<br \/>\nFases dentro de la creaci\u00f3n de escenarios:<br \/>\nLos posibles movimientos de la sesi\u00f3n.<br \/>\nReflexiones de posicionamiento de cada escenario.<br \/>\nUn paso m\u00e1s: Las estrategias en cada escenario.<br \/>\nLos posibles movimientos de la sesi\u00f3n:<br \/>\nLos diferentes escenarios:<br \/>\nEscenario tendencial.<br \/>\nEscenario probable.<br \/>\nEscenario otro.<br \/>\nLos giros:<br \/>\nOro<br \/>\nPlata<br \/>\nBronce<br \/>\nEscenarios S&amp;P 500 vs. Nasdaq.<br \/>\nReflexiones de posicionamiento de cada escenario:<br \/>\nLa importancia de la no creencia.<br \/>\nLa objetividad de esta fase vs. la emoci\u00f3n en la sesi\u00f3n.<br \/>\nUn paso m\u00e1s: Las estrategias en cada escenario.<br \/>\nPr\u00e1cticas.<\/p>\n<p><b>M\u00d3DULO 5: FASE 2 DEL PROCESO OPERATIVO: ESTRATEGIAS DE CONTINUACI\u00d3N DE LA TENDENCIA.<\/b><br \/>\n\u00bfA qu\u00e9 responde la fase 2?: \u00bfD\u00f3nde entramos?<br \/>\n\u00bfD\u00f3nde las encontramos en el gr\u00e1fico de 1 hora?<br \/>\nNuestro marco temporal en la fase 2: El marco de 5 minutos.<br \/>\nLa importancia de la precisi\u00f3n.<br \/>\nLas estructuras y su Zona de Alta Probabilidad.<br \/>\nLa definici\u00f3n de la Z.A.P.<br \/>\nEstrategia S1.<br \/>\nEstrategia S2.<br \/>\nLa SMA200.<br \/>\nLa gesti\u00f3n emocional en esta fase.<br \/>\nPr\u00e1cticas.<\/p>\n<p><b>M\u00d3DULO 6: FASE 2 DEL PROCESO OPERATIVO: ESTRATEGIAS DE GIRO<\/b><br \/>\n\u00bfD\u00f3nde las encontramos en el gr\u00e1fico de 1 hora?<br \/>\nRecordemos los escenarios de giro: oro, plata y bronce.<br \/>\nLas estructuras de giro.<br \/>\nEstrategia S3: construcci\u00f3n y su Z.A.P.<br \/>\nEstrategia S4: construcci\u00f3n y su Z.A.P.<br \/>\nLa SMA200.<br \/>\nPr\u00e1cticas.<\/p>\n<p><b>M\u00d3DULO 7: FASE 3 DEL PROCESO OPERATIVO: SET-UP Y STOP LOSS.<\/b><br \/>\n\u00bfA qu\u00e9 da respuesta la fase 3?: \u00bfC\u00f3mo entramos?<br \/>\nNuestro marco temporal en esta fase: el marco de 1 minuto.<br \/>\n\u00bfTan importante es la fase 3?<br \/>\nLa gesti\u00f3n emocional en esta fase.<br \/>\nLas claves de esta fase: protecci\u00f3n de la operaci\u00f3n.<br \/>\nDefinici\u00f3n de la estrategia de la operaci\u00f3n.<br \/>\nAlternativas de set-up:<br \/>\nPatrones de giro en velas japonesas.<br \/>\nVelas Heiken Ashi.<br \/>\nLa EMA20.<br \/>\nPatr\u00f3n H10.<br \/>\nEstructuras de giro.<br \/>\nLas manipulaciones.<br \/>\nPr\u00e1cticas.<\/p>\n<p><b>M\u00d3DULO 8: FASE 4 Y 5 DEL PROCESO OPERATIVO: GESTI\u00d3N Y SALIDA<\/b><br \/>\n\u00bfA qu\u00e9 da respuesta la fase 4?: Una vez dentro, \u00bfqu\u00e9 hago?<br \/>\n\u00bfA qu\u00e9 da respuesta la fase 5?: \u00bfD\u00f3nde salgo?<br \/>\nLa gesti\u00f3n emocional en estas fases.<br \/>\nRecordemos la clave de la consistencia: equilibrio Ratio de Acierto y Ratio Riesgo-Beneficio.<br \/>\nLos primeros pasos.<br \/>\nEl movimiento probable: Un objetivo de salida.<br \/>\nObjetivos de salida alternativos.<br \/>\nColocaci\u00f3n del Break Even: \u00bfSi o no? \u00bfd\u00f3nde? \u00bfc\u00f3mo?<br \/>\nProtecci\u00f3n de beneficios: \u00bfSi o no? \u00bfd\u00f3nde? \u00bfc\u00f3mo?<br \/>\nOperativa con m\u00e1s de 1 contrato.<br \/>\nUna forma de gestionar la posici\u00f3n sencilla pero efectiva.<br \/>\nPr\u00e1cticas.<\/p>\n<p><b>M\u00d3DULO 9: LA POST-OPERATIVA<\/b><br \/>\nLa importancia del an\u00e1lisis posterior.<br \/>\nRegistro de las operaciones.<br \/>\n\u00bfC\u00f3mo analizamos una operaci\u00f3n?<br \/>\nEl bloque de operaciones:<br \/>\nElemento clave para mejorar.<br \/>\n\u00bfC\u00f3mo analizamos un bloque de operaciones?<\/p>\n<p><b>M\u00d3DULO 10: LA GESTI\u00d3N EMOCIONAL<\/b><br \/>\nEl trading y la gesti\u00f3n emocional: aprender y aceptar.<br \/>\n\u00bfEs el scalping la operativa con m\u00e1s dificultad emocional?<br \/>\nLa clave: no las actives.<br \/>\nLa herramienta para la NO activaci\u00f3n: El sistema de trading.<br \/>\nLa intensidad emocional en las diferentes fases.<br \/>\nTipos de errores: Intencionados y no intencionados.<br \/>\nGesti\u00f3n emocional en la fase 1: La creaci\u00f3n de escenarios como herramienta clave.<br \/>\nGesti\u00f3n emocional en la fase 2: Memoriza las Z.A.P dentro de las estructuras.<br \/>\nGesti\u00f3n emocional en la fase 3: La precipitaci\u00f3n y el miedo aparecen, \u00bfc\u00f3mo minimizarlos?<br \/>\nGesti\u00f3n emocional en la fase 4 y 5:<br \/>\nEl mayor error: mover los stop\u2019s.<br \/>\nNo cortes beneficios.<br \/>\nHerramientas.<br \/>\nLa sobreoperaci\u00f3n y las herramientas para evitarla.<br \/>\nLa clave m\u00e1s importante de todas: EL TIEMPO.<\/p>\n","protected":false},"excerpt":{"rendered":"<p><strong>El Programa de Especializaci\u00f3n en Scalping aborda una de las modalidades m\u00e1s desafiantes en el mundo de las inversiones: el trading a muy corto plazo. Requiere un s\u00f3lido conocimiento t\u00e9cnico, una metodolog\u00eda clara y precisa para la toma de decisiones en un entorno de r\u00e1pida evoluci\u00f3n, as\u00ed como un control emocional adecuado para responder a estos requerimientos.<\/strong><\/p>\n<p>Nuestro programa te brindar\u00e1 los conocimientos necesarios para aprender a operar con un sistema organizado, objetivo y bien definido, las diferentes etapas del proceso operativo. Te permitir\u00e1 desarrollar habilidades para ejecutar operaciones a corto plazo basadas en la din\u00e1mica del precio, sin dejar a un lado la gesti\u00f3n emocional.<\/p>\n","protected":false},"featured_media":20266,"comment_status":"open","ping_status":"closed","template":"","meta":[],"product_brand":[],"product_cat":[338],"product_tag":[],"class_list":{"0":"post-20265","1":"product","2":"type-product","3":"status-publish","4":"has-post-thumbnail","6":"product_cat-inversion-y-finanzas","8":"first","9":"instock","10":"taxable","11":"shipping-taxable","12":"product-type-external"},"jetpack_sharing_enabled":true,"_links":{"self":[{"href":"https:\/\/uranolearning.com\/index.php?rest_route=\/wp\/v2\/product\/20265","targetHints":{"allow":["GET"]}}],"collection":[{"href":"https:\/\/uranolearning.com\/index.php?rest_route=\/wp\/v2\/product"}],"about":[{"href":"https:\/\/uranolearning.com\/index.php?rest_route=\/wp\/v2\/types\/product"}],"replies":[{"embeddable":true,"href":"https:\/\/uranolearning.com\/index.php?rest_route=%2Fwp%2Fv2%2Fcomments&post=20265"}],"wp:featuredmedia":[{"embeddable":true,"href":"https:\/\/uranolearning.com\/index.php?rest_route=\/wp\/v2\/media\/20266"}],"wp:attachment":[{"href":"https:\/\/uranolearning.com\/index.php?rest_route=%2Fwp%2Fv2%2Fmedia&parent=20265"}],"wp:term":[{"taxonomy":"product_brand","embeddable":true,"href":"https:\/\/uranolearning.com\/index.php?rest_route=%2Fwp%2Fv2%2Fproduct_brand&post=20265"},{"taxonomy":"product_cat","embeddable":true,"href":"https:\/\/uranolearning.com\/index.php?rest_route=%2Fwp%2Fv2%2Fproduct_cat&post=20265"},{"taxonomy":"product_tag","embeddable":true,"href":"https:\/\/uranolearning.com\/index.php?rest_route=%2Fwp%2Fv2%2Fproduct_tag&post=20265"}],"curies":[{"name":"wp","href":"https:\/\/api.w.org\/{rel}","templated":true}]}}