{"id":20262,"date":"2024-09-27T16:58:40","date_gmt":"2024-09-27T14:58:40","guid":{"rendered":"https:\/\/uranolearning.com\/?post_type=product&#038;p=20262"},"modified":"2026-04-29T00:39:43","modified_gmt":"2026-04-28T22:39:43","slug":"curso-intensivo-de-swing-trading","status":"publish","type":"product","link":"https:\/\/uranolearning.com\/?product=curso-intensivo-de-swing-trading","title":{"rendered":"Curso intensivo de Swing Trading"},"content":{"rendered":"<h5><strong>OBJETIVOS <\/strong><\/h5>\n<ul>\n<li aria-level=\"1\">Conocer los movimientos del precio y los patrones dentro de \u00e9l para identificar las Zonas de Alta Probabilidad.<\/li>\n<li aria-level=\"1\">Saber, desde un enfoque t\u00e9cnico, elegir los activos que presentan mejores oportunidades de trading.<\/li>\n<li aria-level=\"1\">Aprender dos sistem\u00e1ticas para poder operar bajo esta modalidad de trading, una utilizando dos marcos temporales (semanal y diario) y otra con 3 marcos, a\u00f1adiendo el de 4 horas, para poder concretar a\u00fan m\u00e1s los puntos de entrada.<\/li>\n<li aria-level=\"1\">Todo ello trabajando a fondo la localizaci\u00f3n de la zona de entrada, el c\u00f3mo entrar, c\u00f3mo gestionar y salir de las operaciones.<\/li>\n<li aria-level=\"1\">A la vez, trabajaremos la post-operativa y facilitaremos algunas herramientas para gestionar las emociones que aparecen cuando operamos en los mercados financieros.<\/li>\n<\/ul>\n<h5><strong>\u00bfA QUI\u00c9N VA DIRIGIDO?<\/strong><\/h5>\n<p>El curso de <b>Swing Trading<\/b> se imparte \u00edntegramente en directo, mediante clases te\u00f3rico \u2013 pr\u00e1cticas que estar\u00e1n disponibles para que el alumno pueda en cualquier momento volver a visualizar el contenido para una correcta asimilaci\u00f3n posterior al directo.<\/p>\n<p>Esta metodolog\u00eda permite al alumno aprender en un contexto din\u00e1mico e interactivo con contacto directo con el profesor a la vez que podr\u00e1 consolidar lo aprendido con las grabaciones disponibles.<\/p>\n<p>Una vez se han aprendido los conceptos, el alumno tendr\u00e1 la posibilidad de realizar <b>cuatro ejercicios<\/b> a proponer por el profesor con un feedback completamente individual y personalizado.<\/p>\n<p>Tambi\u00e9n haremos <b>3 talleres<\/b> donde se trabajar\u00e1n en grupo las dos estrategias que veremos en el curso, as\u00ed como un taller de gesti\u00f3n emocional.<\/p>\n<p><b>HORARIO:<\/b><br \/>\nMartes y Jueves de 18:30h a 20:30h<\/p>\n<p>A trav\u00e9s de nuestro campus obtendr\u00e1s:<\/p>\n<ul>\n<li aria-level=\"1\"><b>Acceso en tiempo real:<\/b> Participaci\u00f3n en clases en directo, permitiendo interacci\u00f3n inmediata con el instructor.<\/li>\n<li aria-level=\"1\"><b>Flexibilidad horaria:<\/b> Posibilidad de revisar las clases grabadas en cualquier momento para una asimilaci\u00f3n efectiva.<\/li>\n<li aria-level=\"1\"><b>Aprendizaje interactivo<\/b>: Entorno din\u00e1mico que fomenta la comprensi\u00f3n pr\u00e1ctica de las t\u00e9cnicas de Swing Trading.<\/li>\n<li aria-level=\"1\"><b>Consolidaci\u00f3n del conocimiento<\/b>: Grabaciones disponibles para reforzar y repasar lo aprendido.<\/li>\n<\/ul>\n<h5><strong>PROGRAMA<\/strong><\/h5>\n<p><b>M\u00d3DULO 1: INTRODUCCI\u00d3N AL SWING TRADING<\/b><br \/>\nDefinici\u00f3n de Swing Trading y enfoque del curso.<br \/>\nActivos y derivados.<br \/>\nNociones de an\u00e1lisis fundamental.<br \/>\nGesti\u00f3n de capital.<br \/>\nEl Trading Plan.<br \/>\nEtapas hacia la consistencia.<br \/>\nFases del proceso operativo.<\/p>\n<p><b>M\u00d3DULO 2: ENTENDIENDO AL PRECIO<\/b><br \/>\nLa importancia de saber leer un gr\u00e1fico.<br \/>\nSoportes y resistencias.<br \/>\nLa magia de la confluencia.<br \/>\nEstructuras de continuaci\u00f3n de la tendencia y su Z.A.P.<br \/>\nEstructuras de giro y sus Z.A.P\u2019s.<br \/>\nLas velas japonesas y las velas Heiken Ashi.<br \/>\nLas manipulaciones.<br \/>\nLa multitemporalidad.<br \/>\nIndicadores y osciladores.<br \/>\nPr\u00e1cticas.<\/p>\n<p><b>M\u00d3DULO 3: FASE 1 DEL PROCESO OPERATIVO: ELECCI\u00d3N DE ACTIVOS.<\/b><br \/>\nLa importancia de esta fase dentro de un sistema de trading.<br \/>\nGesti\u00f3n emocional en fase 1.<br \/>\nFases en la Fase 1: graficaci\u00f3n y creaci\u00f3n de escenarios.<br \/>\nLa graficaci\u00f3n multitemporal.<br \/>\nIdentificaci\u00f3n de escenarios.<br \/>\nEn busca de la mayor probabilidad.<br \/>\nPr\u00e1cticas.<\/p>\n<p><b>M\u00d3DULO 4: ESTRATEGIAS CON DOS MARCOS TEMPORALES.<\/b><br \/>\nEl marco semanal: \u00bfqu\u00e9 nos aporta?<br \/>\nEl marco diario: \u00bfqu\u00e9 buscamos?<br \/>\nLocalizaci\u00f3n de las Zonas de Alta Probabilidad.<br \/>\nEntrada de la operaci\u00f3n y stop loss.<br \/>\nGesti\u00f3n de la operaci\u00f3n.<br \/>\nSalida de la operaci\u00f3n.<br \/>\nPr\u00e1cticas.<\/p>\n<p><b>M\u00d3DULO 5: ESTRATEGIAS CON TRES MARCOS TEMPORALES.<\/b><br \/>\nA\u00f1adiendo un tercer marco temporal: 4 horas.<br \/>\nLocalizaci\u00f3n de las Zonas de Alta Probabilidad.<br \/>\nEntrada de la operaci\u00f3n y stop loss.<br \/>\nGesti\u00f3n de la operaci\u00f3n.<br \/>\nSalida de la operaci\u00f3n.<br \/>\nPr\u00e1cticas.<\/p>\n<p><b>M\u00d3DULO 6: LA POST-OPERATIVA<\/b><br \/>\nLa importancia del an\u00e1lisis posterior.<br \/>\nRegistro de las operaciones.<br \/>\n\u00bfC\u00f3mo analizamos una operaci\u00f3n?<br \/>\nEl bloque de operaciones:<br \/>\nClave para mejorar.<br \/>\n\u00bfC\u00f3mo lo analizamos?<\/p>\n<p><b>M\u00d3DULO 7: LA GESTI\u00d3N EMOCIONAL<\/b><br \/>\nAprender a perder.<br \/>\nClaves para la no activaci\u00f3n de las emociones.<br \/>\nIntensidad emocional en las diferentes fases de una operaci\u00f3n.<br \/>\nTipos de errores: Intencionados y no intencionados.<br \/>\nHerramientas en las diferentes fases del proceso operativo.<br \/>\nLa sobreoperaci\u00f3n y c\u00f3mo evitarla.<\/p>\n<p><b>TALLER 1:<\/b><br \/>\nTrabajando la estrategia con dos marcos temporales.<\/p>\n<p><b>TALLER 2:<\/b><br \/>\nTrabajando la estrategia con tres marcos temporales.<\/p>\n<p><b>TALLER 3:<\/b><br \/>\nTrabajando la gesti\u00f3n de las emociones.<\/p>\n<p>&nbsp;<\/p>\n","protected":false},"excerpt":{"rendered":"<p><strong>El Swing Trading es una modalidad de trading donde las operaciones traspasan la frontera del intrad\u00eda, pudiendo abarcar tanto operaciones con una duraci\u00f3n de dos d\u00edas, de algunas semanas, como hasta de meses, sin llegar a ser operaciones de inversi\u00f3n.<\/strong><\/p>\n<p>El enfoque de este curso es t\u00e9cnico y muy basado en el propio movimiento del precio, sin excesivos indicadores.<\/p>\n<p>Aprender\u00e1s a leer los activos, a elegir aquellos que presentan mejores oportunidades, a saber ejecutar operaciones, a analizarlas posteriormente y sin dejarnos el aspecto emocional, tan importante para poder llevar todo ello a cabo sin interferencias que perjudiquen el buen fin de tu operativa.<\/p>\n","protected":false},"featured_media":20264,"comment_status":"open","ping_status":"closed","template":"","meta":[],"product_brand":[],"product_cat":[338],"product_tag":[],"class_list":{"0":"post-20262","1":"product","2":"type-product","3":"status-publish","4":"has-post-thumbnail","6":"product_cat-inversion-y-finanzas","8":"first","9":"instock","10":"taxable","11":"shipping-taxable","12":"product-type-external"},"jetpack_sharing_enabled":true,"_links":{"self":[{"href":"https:\/\/uranolearning.com\/index.php?rest_route=\/wp\/v2\/product\/20262","targetHints":{"allow":["GET"]}}],"collection":[{"href":"https:\/\/uranolearning.com\/index.php?rest_route=\/wp\/v2\/product"}],"about":[{"href":"https:\/\/uranolearning.com\/index.php?rest_route=\/wp\/v2\/types\/product"}],"replies":[{"embeddable":true,"href":"https:\/\/uranolearning.com\/index.php?rest_route=%2Fwp%2Fv2%2Fcomments&post=20262"}],"wp:featuredmedia":[{"embeddable":true,"href":"https:\/\/uranolearning.com\/index.php?rest_route=\/wp\/v2\/media\/20264"}],"wp:attachment":[{"href":"https:\/\/uranolearning.com\/index.php?rest_route=%2Fwp%2Fv2%2Fmedia&parent=20262"}],"wp:term":[{"taxonomy":"product_brand","embeddable":true,"href":"https:\/\/uranolearning.com\/index.php?rest_route=%2Fwp%2Fv2%2Fproduct_brand&post=20262"},{"taxonomy":"product_cat","embeddable":true,"href":"https:\/\/uranolearning.com\/index.php?rest_route=%2Fwp%2Fv2%2Fproduct_cat&post=20262"},{"taxonomy":"product_tag","embeddable":true,"href":"https:\/\/uranolearning.com\/index.php?rest_route=%2Fwp%2Fv2%2Fproduct_tag&post=20262"}],"curies":[{"name":"wp","href":"https:\/\/api.w.org\/{rel}","templated":true}]}}