{"id":20232,"date":"2024-07-31T17:36:32","date_gmt":"2024-07-31T15:36:32","guid":{"rendered":"https:\/\/uranolearning.com\/?post_type=product&#038;p=20232"},"modified":"2026-04-29T00:40:25","modified_gmt":"2026-04-28T22:40:25","slug":"el-viaje","status":"publish","type":"product","link":"https:\/\/uranolearning.com\/?product=el-viaje","title":{"rendered":"El viaje"},"content":{"rendered":"<div>Este es un curso r\u00e1pido (<i>Mind Booster<\/i>)\u00a0 en el cual aprender\u00e1s cu\u00e1les son los cuatro ejes del liderazgo para llegar a la cumbre, tal como se exponen en el libro\u00a0<i>El viaje.<\/i><\/div>\n<div>Los ejes son: Consciencia, Relaciones, Emociones y\u00a0 Acci\u00f3n, y entre los cuatro se CREA liderazgo.<\/div>\n<div>Con este \u00a0<i>Mind Booster<\/i> podr\u00e1s captar r\u00e1pidamente, a trav\u00e9s de ejercicios interactivos, v\u00eddeos y audios, cu\u00e1les son los elementos esenciales del liderazgo, sea cual sea el puesto que ocupes y durante todo el tiempo que dure el viaje de tu carrera profesional.<\/div>\n<div>Los l\u00edderes tienen que emprender acciones en base a tener consciencia de sus efectos, tanto en sus relaciones como en las emociones de quienes tienen que llevarlas a cabo.<\/div>\n","protected":false},"excerpt":{"rendered":"<p>Este es un curso r\u00e1pido (Mind Booster)\u00a0 en el cual aprender\u00e1s cu\u00e1les son los cuatro ejes del liderazgo para llegar a la cumbre, tal como se exponen en el libro\u00a0El&hellip;<\/p>\n","protected":false},"featured_media":20234,"comment_status":"open","ping_status":"closed","template":"","meta":[],"product_brand":[],"product_cat":[319,331],"product_tag":[],"class_list":{"0":"post-20232","1":"product","2":"type-product","3":"status-publish","4":"has-post-thumbnail","6":"product_cat-cursos-en-texto","7":"product_cat-desarrollo-profesional","9":"first","10":"instock","11":"sale","12":"taxable","13":"shipping-taxable","14":"purchasable","15":"product-type-simple"},"jetpack_sharing_enabled":true,"_links":{"self":[{"href":"https:\/\/uranolearning.com\/index.php?rest_route=\/wp\/v2\/product\/20232","targetHints":{"allow":["GET"]}}],"collection":[{"href":"https:\/\/uranolearning.com\/index.php?rest_route=\/wp\/v2\/product"}],"about":[{"href":"https:\/\/uranolearning.com\/index.php?rest_route=\/wp\/v2\/types\/product"}],"replies":[{"embeddable":true,"href":"https:\/\/uranolearning.com\/index.php?rest_route=%2Fwp%2Fv2%2Fcomments&post=20232"}],"wp:featuredmedia":[{"embeddable":true,"href":"https:\/\/uranolearning.com\/index.php?rest_route=\/wp\/v2\/media\/20234"}],"wp:attachment":[{"href":"https:\/\/uranolearning.com\/index.php?rest_route=%2Fwp%2Fv2%2Fmedia&parent=20232"}],"wp:term":[{"taxonomy":"product_brand","embeddable":true,"href":"https:\/\/uranolearning.com\/index.php?rest_route=%2Fwp%2Fv2%2Fproduct_brand&post=20232"},{"taxonomy":"product_cat","embeddable":true,"href":"https:\/\/uranolearning.com\/index.php?rest_route=%2Fwp%2Fv2%2Fproduct_cat&post=20232"},{"taxonomy":"product_tag","embeddable":true,"href":"https:\/\/uranolearning.com\/index.php?rest_route=%2Fwp%2Fv2%2Fproduct_tag&post=20232"}],"curies":[{"name":"wp","href":"https:\/\/api.w.org\/{rel}","templated":true}]}}