{"id":20231,"date":"2024-07-31T17:31:10","date_gmt":"2024-07-31T15:31:10","guid":{"rendered":"https:\/\/uranolearning.com\/?post_type=product&#038;p=20231"},"modified":"2026-05-03T10:52:55","modified_gmt":"2026-05-03T08:52:55","slug":"papas-de-algodon-hijos-de-cristal","status":"publish","type":"product","link":"https:\/\/uranolearning.com\/?product=papas-de-algodon-hijos-de-cristal","title":{"rendered":"Pap\u00e1s de algod\u00f3n, hijos de cristal"},"content":{"rendered":"<div>\u00bfQu\u00e9 errores estamos cometiendo los padres en la formaci\u00f3n y educaci\u00f3n\u00a0de\u00a0los hijos que est\u00e1n arrojando ni\u00f1os\u00a0de\u00a0cristal que no pueden tolerar la frustraci\u00f3n y que\u00a0demandan inmediatez en todo aquello que\u00a0desean?<\/div>\n<div>Se est\u00e1 confundiendo el amor con la concesi\u00f3n total y, en aras\u00a0de\u00a0darles lo mejor sin importar los escenarios o situaciones, les estamos causando da\u00f1os severos que los vulneran y perjudican.<\/div>\n<div>En este Mind Booster se\u00a0destacan los principales consejos que Trixia Valle nos comparte en el libro\u00a0del mismo t\u00edtulo, acompa\u00f1ados\u00a0de\u00a0ejercicios, videos y\u00a0dem\u00e1s recursos did\u00e1cticos para ayudarnos a formar, bajo una crianza efectiva, a nuestros hijos.<\/div>\n","protected":false},"excerpt":{"rendered":"<p>\u00bfQu\u00e9 errores estamos cometiendo los padres en la formaci\u00f3n y educaci\u00f3n\u00a0de\u00a0los hijos que est\u00e1n arrojando ni\u00f1os\u00a0de\u00a0cristal que no pueden tolerar la frustraci\u00f3n y que\u00a0demandan inmediatez en todo aquello que\u00a0desean? Se&hellip;<\/p>\n","protected":false},"featured_media":19897,"comment_status":"open","ping_status":"closed","template":"","meta":[],"product_brand":[],"product_cat":[319,333,332],"product_tag":[],"class_list":{"0":"post-20231","1":"product","2":"type-product","3":"status-publish","4":"has-post-thumbnail","6":"product_cat-cursos-en-texto","7":"product_cat-practicos","8":"product_cat-salud-y-nutricion","10":"first","11":"instock","12":"sale","13":"taxable","14":"shipping-taxable","15":"purchasable","16":"product-type-simple"},"jetpack_sharing_enabled":true,"_links":{"self":[{"href":"https:\/\/uranolearning.com\/index.php?rest_route=\/wp\/v2\/product\/20231","targetHints":{"allow":["GET"]}}],"collection":[{"href":"https:\/\/uranolearning.com\/index.php?rest_route=\/wp\/v2\/product"}],"about":[{"href":"https:\/\/uranolearning.com\/index.php?rest_route=\/wp\/v2\/types\/product"}],"replies":[{"embeddable":true,"href":"https:\/\/uranolearning.com\/index.php?rest_route=%2Fwp%2Fv2%2Fcomments&post=20231"}],"wp:featuredmedia":[{"embeddable":true,"href":"https:\/\/uranolearning.com\/index.php?rest_route=\/wp\/v2\/media\/19897"}],"wp:attachment":[{"href":"https:\/\/uranolearning.com\/index.php?rest_route=%2Fwp%2Fv2%2Fmedia&parent=20231"}],"wp:term":[{"taxonomy":"product_brand","embeddable":true,"href":"https:\/\/uranolearning.com\/index.php?rest_route=%2Fwp%2Fv2%2Fproduct_brand&post=20231"},{"taxonomy":"product_cat","embeddable":true,"href":"https:\/\/uranolearning.com\/index.php?rest_route=%2Fwp%2Fv2%2Fproduct_cat&post=20231"},{"taxonomy":"product_tag","embeddable":true,"href":"https:\/\/uranolearning.com\/index.php?rest_route=%2Fwp%2Fv2%2Fproduct_tag&post=20231"}],"curies":[{"name":"wp","href":"https:\/\/api.w.org\/{rel}","templated":true}]}}