{"id":20222,"date":"2024-07-31T17:25:56","date_gmt":"2024-07-31T15:25:56","guid":{"rendered":"https:\/\/uranolearning.com\/?post_type=product&#038;p=20222"},"modified":"2026-04-29T00:40:07","modified_gmt":"2026-04-28T22:40:07","slug":"el-trayecto-de-la-autoconfianza","status":"publish","type":"product","link":"https:\/\/uranolearning.com\/?product=el-trayecto-de-la-autoconfianza","title":{"rendered":"El trayecto de la autoconfianza"},"content":{"rendered":"<p><b>&#8220;El trayecto de la autoconfianza&#8221;<br \/>\n<\/b><b style=\"font-size: 1em; letter-spacing: -0.1px;\">Por Natalia G\u00f3mez del Pozuelo<\/b><\/p>\n<p><b>La autoconfianza es un m\u00fasculo que se entrena<br \/>\n<\/b><span style=\"font-size: 1em; letter-spacing: -0.1px;\">En muchas ocasiones, ponemos a los dem\u00e1s por delante en nuestras prioridades: pareja, hijos, padres, jefes, colegas, amistades\u2026 Eso va aparcando las propias necesidades, hasta que te das cuenta de que te has dejado de lado durante mucho tiempo y tu autoestima se encuentra maltrecha.<br \/>\n<\/span><span style=\"font-size: 1em; letter-spacing: -0.1px;\">Solo necesitar\u00e1s un cuaderno, media hora diaria durante tres semanas y una peque\u00f1a inversi\u00f3n que te ahorrar\u00e1 un mont\u00f3n de problemas&#8230;\u00a0<\/span><b style=\"font-size: 1em; letter-spacing: -0.1px;\">\u00bfPor qu\u00e9 no probarlo?<\/b><\/p>\n<p><b>Descripci\u00f3n<br \/>\n<\/b><span style=\"font-size: 1em; letter-spacing: -0.1px;\">Este curso te brinda\u00a0<\/span><b style=\"font-size: 1em; letter-spacing: -0.1px;\">21 consejos<\/b><span style=\"font-size: 1em; letter-spacing: -0.1px;\"> para que dediques un poco de tiempo a ti y traces tu propio camino. Se trata de conocerte y disfrutar de qui\u00e9n eres y de lo que eres capaz de aportar al mundo. Cuanto m\u00e1s te quieres y menos te importa gustar, m\u00e1s gustas.<\/span><\/p>\n<h5>M\u00f3dulos del curso:<\/h5>\n<p>Paso 1. Hoy es el primer d\u00eda del resto de tu vida<br \/>\nPaso 2. Pero \u00bfqui\u00e9n te crees que eres?<br \/>\nPaso 3. Somos juezas demasiado duras con nosotras mismas<br \/>\nPaso 4. Vamos a visitar a una ni\u00f1a<br \/>\nPaso 5. El poder de la vulnerabilidad<br \/>\nPaso 6. Un encuentro con tu sombra<br \/>\nPaso 7. Tus valores son los cimientos de tu confianza<br \/>\nPaso 8. Entender los miedos que nos producen inseguridad<br \/>\nPaso 9. El t\u00fanel de los colores<br \/>\nPaso 10. Nuestra percepci\u00f3n est\u00e1 muy contaminada<br \/>\nPaso 11. Las suposiciones no ayudan<br \/>\nPaso 12. A la caza de tu di\u00e1logo interior, \u00a1es la clave!<br \/>\nPaso 13. Introduce una cu\u00f1a entre acci\u00f3n y reacci\u00f3n<br \/>\nPaso 14. El poder de las palabras<br \/>\nPaso 15. No salgas de tu zona de confort, \u00a1ampl\u00edala!<br \/>\nPaso 16. Comunicaci\u00f3n asertiva<br \/>\nPaso 17. Los patos te quitan el estr\u00e9s<br \/>\nPaso 18. Qu\u00e9 impresi\u00f3n dejas en los dem\u00e1s<br \/>\nPaso 19. \u00abPonte grande\u00bb y ser\u00e1s grande<br \/>\nPaso 20. Transforma tu miedo en amor<br \/>\nPaso 21. Atr\u00e9vete<br \/>\nEncuesta final<\/p>\n<p>Por <b style=\"font-size: 1em; letter-spacing: -0.1px;\">Natalia G\u00f3mez del Pozuelo, <\/b>escritora y formadora en comunicaci\u00f3n.<\/p>\n","protected":false},"excerpt":{"rendered":"<h4>Regala(te) Autoconfianza, el impulso necesario para tener un 2025 redondo.<\/h4>\n<p><span data-olk-copy-source=\"MessageBody\">Este trayecto es una s\u00edntesis de los 15 a\u00f1os que he estado formando a profesionales en comunicaci\u00f3n. Pronto me di cuenta de que la falta de confianza era la principal barrera para que las personas act\u00faen\u00a0con seguridad y libertad y as\u00ed aportaran al mundo sus ideas. Es un trayecto que dura toda la vida, yo solo te propongo que demos unos pasos juntos, a tu ritmo<\/span><\/p>\n","protected":false},"featured_media":20223,"comment_status":"open","ping_status":"closed","template":"","meta":[],"product_brand":[],"product_cat":[319,328,331],"product_tag":[],"class_list":{"0":"post-20222","1":"product","2":"type-product","3":"status-publish","4":"has-post-thumbnail","6":"product_cat-cursos-en-texto","7":"product_cat-desarrollo-personal","8":"product_cat-desarrollo-profesional","10":"first","11":"instock","12":"sale","13":"taxable","14":"shipping-taxable","15":"purchasable","16":"product-type-simple"},"jetpack_sharing_enabled":true,"_links":{"self":[{"href":"https:\/\/uranolearning.com\/index.php?rest_route=\/wp\/v2\/product\/20222","targetHints":{"allow":["GET"]}}],"collection":[{"href":"https:\/\/uranolearning.com\/index.php?rest_route=\/wp\/v2\/product"}],"about":[{"href":"https:\/\/uranolearning.com\/index.php?rest_route=\/wp\/v2\/types\/product"}],"replies":[{"embeddable":true,"href":"https:\/\/uranolearning.com\/index.php?rest_route=%2Fwp%2Fv2%2Fcomments&post=20222"}],"wp:featuredmedia":[{"embeddable":true,"href":"https:\/\/uranolearning.com\/index.php?rest_route=\/wp\/v2\/media\/20223"}],"wp:attachment":[{"href":"https:\/\/uranolearning.com\/index.php?rest_route=%2Fwp%2Fv2%2Fmedia&parent=20222"}],"wp:term":[{"taxonomy":"product_brand","embeddable":true,"href":"https:\/\/uranolearning.com\/index.php?rest_route=%2Fwp%2Fv2%2Fproduct_brand&post=20222"},{"taxonomy":"product_cat","embeddable":true,"href":"https:\/\/uranolearning.com\/index.php?rest_route=%2Fwp%2Fv2%2Fproduct_cat&post=20222"},{"taxonomy":"product_tag","embeddable":true,"href":"https:\/\/uranolearning.com\/index.php?rest_route=%2Fwp%2Fv2%2Fproduct_tag&post=20222"}],"curies":[{"name":"wp","href":"https:\/\/api.w.org\/{rel}","templated":true}]}}