{"id":20202,"date":"1970-01-01T00:00:00","date_gmt":"1969-12-31T23:00:00","guid":{"rendered":"https:\/\/uranolearning.com\/producto\/cuerpo-de-mujer-sabiduria-de-mujer-curso\/"},"modified":"2026-03-25T06:27:23","modified_gmt":"2026-03-25T05:27:23","slug":"cuerpo-de-mujer-sabiduria-de-mujer-curso","status":"publish","type":"product","link":"https:\/\/uranolearning.com\/?product=cuerpo-de-mujer-sabiduria-de-mujer-curso","title":{"rendered":"Cuerpo de mujer, sabidur\u00eda de mujer curso"},"content":{"rendered":"<p>Hubo un tiempo, hace mucho, en que el cuerpo femenino era venerado como sagrado, y hombres y mujeres viv\u00edan en pareja en comunidades igualitarias. Pero a medida que nuestra cultura se transform\u00f3 en una sociedad m\u00e1s patriarcal, tambi\u00e9n lo hicieron las actitudes hacia las mujeres. Durante siglos, las mujeres han sido avergonzadas y mal informadas sobre su cuerpo, y este legado se ha transmitido durante milenios.<\/p>\n","protected":false},"excerpt":{"rendered":"<p>Hubo un tiempo, hace mucho, en que el cuerpo femenino era venerado como sagrado, y hombres y mujeres viv\u00edan en pareja en comunidades igualitarias. Pero a medida que nuestra cultura&hellip;<\/p>\n","protected":false},"featured_media":20203,"comment_status":"open","ping_status":"closed","template":"","meta":[],"product_brand":[],"product_cat":[336,333,332,322],"product_tag":[],"class_list":{"0":"post-20202","1":"product","2":"type-product","3":"status-publish","4":"has-post-thumbnail","6":"product_cat-mujer","7":"product_cat-practicos","8":"product_cat-salud-y-nutricion","9":"product_cat-videocurso","11":"first","12":"instock","13":"taxable","14":"shipping-taxable","15":"purchasable","16":"product-type-simple"},"jetpack_sharing_enabled":true,"_links":{"self":[{"href":"https:\/\/uranolearning.com\/index.php?rest_route=\/wp\/v2\/product\/20202","targetHints":{"allow":["GET"]}}],"collection":[{"href":"https:\/\/uranolearning.com\/index.php?rest_route=\/wp\/v2\/product"}],"about":[{"href":"https:\/\/uranolearning.com\/index.php?rest_route=\/wp\/v2\/types\/product"}],"replies":[{"embeddable":true,"href":"https:\/\/uranolearning.com\/index.php?rest_route=%2Fwp%2Fv2%2Fcomments&post=20202"}],"wp:featuredmedia":[{"embeddable":true,"href":"https:\/\/uranolearning.com\/index.php?rest_route=\/wp\/v2\/media\/20203"}],"wp:attachment":[{"href":"https:\/\/uranolearning.com\/index.php?rest_route=%2Fwp%2Fv2%2Fmedia&parent=20202"}],"wp:term":[{"taxonomy":"product_brand","embeddable":true,"href":"https:\/\/uranolearning.com\/index.php?rest_route=%2Fwp%2Fv2%2Fproduct_brand&post=20202"},{"taxonomy":"product_cat","embeddable":true,"href":"https:\/\/uranolearning.com\/index.php?rest_route=%2Fwp%2Fv2%2Fproduct_cat&post=20202"},{"taxonomy":"product_tag","embeddable":true,"href":"https:\/\/uranolearning.com\/index.php?rest_route=%2Fwp%2Fv2%2Fproduct_tag&post=20202"}],"curies":[{"name":"wp","href":"https:\/\/api.w.org\/{rel}","templated":true}]}}