{"id":20200,"date":"2024-08-01T00:00:00","date_gmt":"2024-07-31T22:00:00","guid":{"rendered":"https:\/\/uranolearning.com\/?post_type=product&#038;p=20200"},"modified":"2026-04-22T14:51:04","modified_gmt":"2026-04-22T12:51:04","slug":"el-poder-de-la-curacion-por-sonido-curso","status":"publish","type":"product","link":"https:\/\/uranolearning.com\/?product=el-poder-de-la-curacion-por-sonido-curso","title":{"rendered":"El poder de la curaci\u00f3n por sonido curso"},"content":{"rendered":"<p>En este apasionante curso, Jonathan Goldman -maestro, autoridad mundialmente reconocida en sanaci\u00f3n con sonido y director de la Asociaci\u00f3n de Sanadores con Sonido- le da la bienvenida al extraordinario mundo de la sanaci\u00f3n con sonido, una pr\u00e1ctica que se ha utilizado durante miles de a\u00f1os para cambiar la energ\u00eda, acelerar la conciencia e inspirar la autosanaci\u00f3n y la transformaci\u00f3n.<\/p>\n","protected":false},"excerpt":{"rendered":"<p>En este apasionante curso, Jonathan Goldman -maestro, autoridad mundialmente reconocida en sanaci\u00f3n con sonido y director de la Asociaci\u00f3n de Sanadores con Sonido- le da la bienvenida al extraordinario mundo&hellip;<\/p>\n","protected":false},"featured_media":20201,"comment_status":"open","ping_status":"closed","template":"","meta":[],"product_brand":[],"product_cat":[328,322],"product_tag":[],"class_list":{"0":"post-20200","1":"product","2":"type-product","3":"status-publish","4":"has-post-thumbnail","6":"product_cat-desarrollo-personal","7":"product_cat-videocurso","9":"first","10":"instock","11":"taxable","12":"shipping-taxable","13":"purchasable","14":"product-type-simple"},"jetpack_sharing_enabled":true,"_links":{"self":[{"href":"https:\/\/uranolearning.com\/index.php?rest_route=\/wp\/v2\/product\/20200","targetHints":{"allow":["GET"]}}],"collection":[{"href":"https:\/\/uranolearning.com\/index.php?rest_route=\/wp\/v2\/product"}],"about":[{"href":"https:\/\/uranolearning.com\/index.php?rest_route=\/wp\/v2\/types\/product"}],"replies":[{"embeddable":true,"href":"https:\/\/uranolearning.com\/index.php?rest_route=%2Fwp%2Fv2%2Fcomments&post=20200"}],"wp:featuredmedia":[{"embeddable":true,"href":"https:\/\/uranolearning.com\/index.php?rest_route=\/wp\/v2\/media\/20201"}],"wp:attachment":[{"href":"https:\/\/uranolearning.com\/index.php?rest_route=%2Fwp%2Fv2%2Fmedia&parent=20200"}],"wp:term":[{"taxonomy":"product_brand","embeddable":true,"href":"https:\/\/uranolearning.com\/index.php?rest_route=%2Fwp%2Fv2%2Fproduct_brand&post=20200"},{"taxonomy":"product_cat","embeddable":true,"href":"https:\/\/uranolearning.com\/index.php?rest_route=%2Fwp%2Fv2%2Fproduct_cat&post=20200"},{"taxonomy":"product_tag","embeddable":true,"href":"https:\/\/uranolearning.com\/index.php?rest_route=%2Fwp%2Fv2%2Fproduct_tag&post=20200"}],"curies":[{"name":"wp","href":"https:\/\/api.w.org\/{rel}","templated":true}]}}