{"id":20198,"date":"2023-02-11T00:00:00","date_gmt":"2023-02-10T23:00:00","guid":{"rendered":"https:\/\/uranolearning.com\/producto\/despierta-a-la-bruja-que-llevas-dentro\/"},"modified":"2025-09-06T01:04:17","modified_gmt":"2025-09-05T23:04:17","slug":"despierta-a-la-bruja-que-llevas-dentro","status":"publish","type":"product","link":"https:\/\/uranolearning.com\/?product=despierta-a-la-bruja-que-llevas-dentro","title":{"rendered":"Despierta a la bruja que llevas dentro."},"content":{"rendered":"<p>A lo largo de la historia, la brujer\u00eda ha sido muy malinterpretada, rechazada, difamada y obligada a pasar a la clandestinidad. Pero la brujer\u00eda real no es lo que has visto en las pel\u00edculas o le\u00eddo en los cuentos de hadas.<\/p>\n","protected":false},"excerpt":{"rendered":"<p>A lo largo de la historia, la brujer\u00eda ha sido muy malinterpretada, rechazada, difamada y obligada a pasar a la clandestinidad. Pero la brujer\u00eda real no es lo que has&hellip;<\/p>\n","protected":false},"featured_media":20199,"comment_status":"open","ping_status":"closed","template":"","meta":[],"product_brand":[],"product_cat":[328,336,322],"product_tag":[],"class_list":{"0":"post-20198","1":"product","2":"type-product","3":"status-publish","4":"has-post-thumbnail","6":"product_cat-desarrollo-personal","7":"product_cat-mujer","8":"product_cat-videocurso","10":"first","11":"instock","12":"taxable","13":"shipping-taxable","14":"purchasable","15":"product-type-simple"},"jetpack_sharing_enabled":true,"_links":{"self":[{"href":"https:\/\/uranolearning.com\/index.php?rest_route=\/wp\/v2\/product\/20198","targetHints":{"allow":["GET"]}}],"collection":[{"href":"https:\/\/uranolearning.com\/index.php?rest_route=\/wp\/v2\/product"}],"about":[{"href":"https:\/\/uranolearning.com\/index.php?rest_route=\/wp\/v2\/types\/product"}],"replies":[{"embeddable":true,"href":"https:\/\/uranolearning.com\/index.php?rest_route=%2Fwp%2Fv2%2Fcomments&post=20198"}],"wp:featuredmedia":[{"embeddable":true,"href":"https:\/\/uranolearning.com\/index.php?rest_route=\/wp\/v2\/media\/20199"}],"wp:attachment":[{"href":"https:\/\/uranolearning.com\/index.php?rest_route=%2Fwp%2Fv2%2Fmedia&parent=20198"}],"wp:term":[{"taxonomy":"product_brand","embeddable":true,"href":"https:\/\/uranolearning.com\/index.php?rest_route=%2Fwp%2Fv2%2Fproduct_brand&post=20198"},{"taxonomy":"product_cat","embeddable":true,"href":"https:\/\/uranolearning.com\/index.php?rest_route=%2Fwp%2Fv2%2Fproduct_cat&post=20198"},{"taxonomy":"product_tag","embeddable":true,"href":"https:\/\/uranolearning.com\/index.php?rest_route=%2Fwp%2Fv2%2Fproduct_tag&post=20198"}],"curies":[{"name":"wp","href":"https:\/\/api.w.org\/{rel}","templated":true}]}}