{"id":20196,"date":"1970-01-01T00:00:00","date_gmt":"1969-12-31T23:00:00","guid":{"rendered":"https:\/\/uranolearning.com\/producto\/descubre-tu-plano-cosmico-curso\/"},"modified":"2026-04-02T20:37:28","modified_gmt":"2026-04-02T18:37:28","slug":"descubre-tu-plano-cosmico-curso","status":"publish","type":"product","link":"https:\/\/uranolearning.com\/?product=descubre-tu-plano-cosmico-curso","title":{"rendered":"Descubre tu Proyecto C\u00f3smico"},"content":{"rendered":"<p>Este curso es una investigaci\u00f3n din\u00e1mica de tu propia alma. La experta intuitiva Rebecca Campbell, te ense\u00f1a t\u00e9cnicas pr\u00e1cticas y poderosas para descubrir tus ra\u00edces c\u00f3smicas, desenterrar tus vidas pasadas y trazar un mapa de la historia \u00fanica de tu alma para que, finalmente, puedas dar un paso hacia lo que realmente viniste a hacer aqu\u00ed.<\/p>\n","protected":false},"excerpt":{"rendered":"<p>Este curso es una investigaci\u00f3n din\u00e1mica de tu propia alma. La experta intuitiva Rebecca Campbell, te ense\u00f1a t\u00e9cnicas pr\u00e1cticas y poderosas para descubrir tus ra\u00edces c\u00f3smicas, desenterrar tus vidas pasadas&hellip;<\/p>\n","protected":false},"featured_media":20197,"comment_status":"open","ping_status":"closed","template":"","meta":[],"product_brand":[],"product_cat":[335,334,322],"product_tag":[],"class_list":{"0":"post-20196","1":"product","2":"type-product","3":"status-publish","4":"has-post-thumbnail","6":"product_cat-esoterismo","7":"product_cat-espiritualidad","8":"product_cat-videocurso","10":"first","11":"instock","12":"taxable","13":"shipping-taxable","14":"purchasable","15":"product-type-simple"},"jetpack_sharing_enabled":true,"_links":{"self":[{"href":"https:\/\/uranolearning.com\/index.php?rest_route=\/wp\/v2\/product\/20196","targetHints":{"allow":["GET"]}}],"collection":[{"href":"https:\/\/uranolearning.com\/index.php?rest_route=\/wp\/v2\/product"}],"about":[{"href":"https:\/\/uranolearning.com\/index.php?rest_route=\/wp\/v2\/types\/product"}],"replies":[{"embeddable":true,"href":"https:\/\/uranolearning.com\/index.php?rest_route=%2Fwp%2Fv2%2Fcomments&post=20196"}],"wp:featuredmedia":[{"embeddable":true,"href":"https:\/\/uranolearning.com\/index.php?rest_route=\/wp\/v2\/media\/20197"}],"wp:attachment":[{"href":"https:\/\/uranolearning.com\/index.php?rest_route=%2Fwp%2Fv2%2Fmedia&parent=20196"}],"wp:term":[{"taxonomy":"product_brand","embeddable":true,"href":"https:\/\/uranolearning.com\/index.php?rest_route=%2Fwp%2Fv2%2Fproduct_brand&post=20196"},{"taxonomy":"product_cat","embeddable":true,"href":"https:\/\/uranolearning.com\/index.php?rest_route=%2Fwp%2Fv2%2Fproduct_cat&post=20196"},{"taxonomy":"product_tag","embeddable":true,"href":"https:\/\/uranolearning.com\/index.php?rest_route=%2Fwp%2Fv2%2Fproduct_tag&post=20196"}],"curies":[{"name":"wp","href":"https:\/\/api.w.org\/{rel}","templated":true}]}}