{"id":20192,"date":"1970-01-01T00:00:00","date_gmt":"1969-12-31T23:00:00","guid":{"rendered":"https:\/\/uranolearning.com\/producto\/las-diosas-nunca-envejecen-curso\/"},"modified":"2026-04-20T18:20:15","modified_gmt":"2026-04-20T16:20:15","slug":"las-diosas-nunca-envejecen-curso","status":"publish","type":"product","link":"https:\/\/uranolearning.com\/?product=las-diosas-nunca-envejecen-curso","title":{"rendered":"Las diosas nunca envejecen. Dra. Christiane Northrup"},"content":{"rendered":"<p>Este curso de ocho lecciones est\u00e1 especialmente dise\u00f1ado para ayudarte a vivir sin edad, de forma vibrante y saludable, con lecciones espec\u00edficas centradas en la conexi\u00f3n entre creencias y biolog\u00eda, curaci\u00f3n f\u00edsica, emocional y energ\u00e9tica, control placentero del peso y aprovechamiento del poder y la belleza de tu cuerpo. Te animamos a que veas y escuches a un ritmo que te resulte c\u00f3modo. T\u00f3mate tu tiempo para asimilar realmente el material de cada lecci\u00f3n antes de pasar a la siguiente.<\/p>\n","protected":false},"excerpt":{"rendered":"<p>Este curso de ocho lecciones est\u00e1 especialmente dise\u00f1ado para ayudarte a vivir sin edad, de forma vibrante y saludable, con lecciones espec\u00edficas centradas en la conexi\u00f3n entre creencias y biolog\u00eda,&hellip;<\/p>\n","protected":false},"featured_media":20193,"comment_status":"open","ping_status":"closed","template":"","meta":[],"product_brand":[],"product_cat":[336,333,332,322],"product_tag":[],"class_list":{"0":"post-20192","1":"product","2":"type-product","3":"status-publish","4":"has-post-thumbnail","6":"product_cat-mujer","7":"product_cat-practicos","8":"product_cat-salud-y-nutricion","9":"product_cat-videocurso","11":"first","12":"instock","13":"taxable","14":"shipping-taxable","15":"purchasable","16":"product-type-simple"},"jetpack_sharing_enabled":true,"_links":{"self":[{"href":"https:\/\/uranolearning.com\/index.php?rest_route=\/wp\/v2\/product\/20192","targetHints":{"allow":["GET"]}}],"collection":[{"href":"https:\/\/uranolearning.com\/index.php?rest_route=\/wp\/v2\/product"}],"about":[{"href":"https:\/\/uranolearning.com\/index.php?rest_route=\/wp\/v2\/types\/product"}],"replies":[{"embeddable":true,"href":"https:\/\/uranolearning.com\/index.php?rest_route=%2Fwp%2Fv2%2Fcomments&post=20192"}],"wp:featuredmedia":[{"embeddable":true,"href":"https:\/\/uranolearning.com\/index.php?rest_route=\/wp\/v2\/media\/20193"}],"wp:attachment":[{"href":"https:\/\/uranolearning.com\/index.php?rest_route=%2Fwp%2Fv2%2Fmedia&parent=20192"}],"wp:term":[{"taxonomy":"product_brand","embeddable":true,"href":"https:\/\/uranolearning.com\/index.php?rest_route=%2Fwp%2Fv2%2Fproduct_brand&post=20192"},{"taxonomy":"product_cat","embeddable":true,"href":"https:\/\/uranolearning.com\/index.php?rest_route=%2Fwp%2Fv2%2Fproduct_cat&post=20192"},{"taxonomy":"product_tag","embeddable":true,"href":"https:\/\/uranolearning.com\/index.php?rest_route=%2Fwp%2Fv2%2Fproduct_tag&post=20192"}],"curies":[{"name":"wp","href":"https:\/\/api.w.org\/{rel}","templated":true}]}}