{"id":20190,"date":"2023-05-04T00:00:00","date_gmt":"2023-05-03T22:00:00","guid":{"rendered":"https:\/\/uranolearning.com\/producto\/jugando-a-la-matriz-3\/"},"modified":"2026-04-02T20:38:57","modified_gmt":"2026-04-02T18:38:57","slug":"jugando-a-la-matriz-3","status":"publish","type":"product","link":"https:\/\/uranolearning.com\/?product=jugando-a-la-matriz-3","title":{"rendered":"Jugar con la Matriz"},"content":{"rendered":"<p>En Playing the Matrix, el l\u00edder del Nuevo Pensamiento y autor de best-sellers del New York Times, Mike Dooley, comparte su programa m\u00e1s impactante y transformador para crear grandes cambios en la vida y dar forma a nuestro futuro. Anteriormente s\u00f3lo disponible en talleres en vivo, esta informaci\u00f3n ha sido entregada en 132 ciudades, 34 pa\u00edses, en 6 continentes. Por primera vez, estas ideas completas pueden estar al alcance de su mano.<\/p>\n","protected":false},"excerpt":{"rendered":"<p>En Playing the Matrix, el l\u00edder del Nuevo Pensamiento y autor de best-sellers del New York Times, Mike Dooley, comparte su programa m\u00e1s impactante y transformador para crear grandes cambios&hellip;<\/p>\n","protected":false},"featured_media":20191,"comment_status":"open","ping_status":"closed","template":"","meta":[],"product_brand":[],"product_cat":[328,334,322],"product_tag":[],"class_list":{"0":"post-20190","1":"product","2":"type-product","3":"status-publish","4":"has-post-thumbnail","6":"product_cat-desarrollo-personal","7":"product_cat-espiritualidad","8":"product_cat-videocurso","10":"first","11":"instock","12":"taxable","13":"shipping-taxable","14":"purchasable","15":"product-type-simple"},"jetpack_sharing_enabled":true,"_links":{"self":[{"href":"https:\/\/uranolearning.com\/index.php?rest_route=\/wp\/v2\/product\/20190","targetHints":{"allow":["GET"]}}],"collection":[{"href":"https:\/\/uranolearning.com\/index.php?rest_route=\/wp\/v2\/product"}],"about":[{"href":"https:\/\/uranolearning.com\/index.php?rest_route=\/wp\/v2\/types\/product"}],"replies":[{"embeddable":true,"href":"https:\/\/uranolearning.com\/index.php?rest_route=%2Fwp%2Fv2%2Fcomments&post=20190"}],"wp:featuredmedia":[{"embeddable":true,"href":"https:\/\/uranolearning.com\/index.php?rest_route=\/wp\/v2\/media\/20191"}],"wp:attachment":[{"href":"https:\/\/uranolearning.com\/index.php?rest_route=%2Fwp%2Fv2%2Fmedia&parent=20190"}],"wp:term":[{"taxonomy":"product_brand","embeddable":true,"href":"https:\/\/uranolearning.com\/index.php?rest_route=%2Fwp%2Fv2%2Fproduct_brand&post=20190"},{"taxonomy":"product_cat","embeddable":true,"href":"https:\/\/uranolearning.com\/index.php?rest_route=%2Fwp%2Fv2%2Fproduct_cat&post=20190"},{"taxonomy":"product_tag","embeddable":true,"href":"https:\/\/uranolearning.com\/index.php?rest_route=%2Fwp%2Fv2%2Fproduct_tag&post=20190"}],"curies":[{"name":"wp","href":"https:\/\/api.w.org\/{rel}","templated":true}]}}