{"id":20188,"date":"1970-01-01T00:00:00","date_gmt":"1969-12-31T23:00:00","guid":{"rendered":"https:\/\/uranolearning.com\/producto\/tantra-un-camino-hacia-la-espiritualidad-curso\/"},"modified":"2025-10-23T05:57:15","modified_gmt":"2025-10-23T03:57:15","slug":"tantra-un-camino-hacia-la-espiritualidad-curso","status":"publish","type":"product","link":"https:\/\/uranolearning.com\/?product=tantra-un-camino-hacia-la-espiritualidad-curso","title":{"rendered":"Tantra: Un Camino hacia la Espiritualidad"},"content":{"rendered":"<p>El Tantra es un antiguo camino hol\u00edstico que entrelaza lo espiritual con lo f\u00edsico, para que puedas llevar a tu d\u00eda a d\u00eda experiencias m\u00e1s elevadas del ser. Si deseas despertar tu poder sexual, abrir tu coraz\u00f3n, experimentar m\u00e1s amor y abrirte al universo, entonces est\u00e1s listo para descubrir este incre\u00edble camino sagrado que conecta el sexo con el esp\u00edritu.Te invitamos a comprometerte contigo mismo y a descubrir la sabidur\u00eda sagrada del Tantra. El Tantra es un camino poderoso e integrador que une lo f\u00edsico y lo espiritual, trayendo una conciencia superior y experiencias espirituales a tu d\u00eda a d\u00eda. En su pr\u00e1ctica, la experta profesora de Tantra, Shashi Solluna, entreteje la sabidur\u00eda de varios linajes clave y explica c\u00f3mo estos antiguos principios espirituales proporcionan el plan perfecto para la vida moderna.<\/p>\n","protected":false},"excerpt":{"rendered":"<p>El Tantra es un antiguo camino hol\u00edstico que entrelaza lo espiritual con lo f\u00edsico, para que puedas llevar a tu d\u00eda a d\u00eda experiencias m\u00e1s elevadas del ser. Si deseas&hellip;<\/p>\n","protected":false},"featured_media":20189,"comment_status":"open","ping_status":"closed","template":"","meta":[],"product_brand":[],"product_cat":[336,333,322],"product_tag":[],"class_list":{"0":"post-20188","1":"product","2":"type-product","3":"status-publish","4":"has-post-thumbnail","6":"product_cat-mujer","7":"product_cat-practicos","8":"product_cat-videocurso","10":"first","11":"instock","12":"taxable","13":"shipping-taxable","14":"purchasable","15":"product-type-simple"},"jetpack_sharing_enabled":true,"_links":{"self":[{"href":"https:\/\/uranolearning.com\/index.php?rest_route=\/wp\/v2\/product\/20188","targetHints":{"allow":["GET"]}}],"collection":[{"href":"https:\/\/uranolearning.com\/index.php?rest_route=\/wp\/v2\/product"}],"about":[{"href":"https:\/\/uranolearning.com\/index.php?rest_route=\/wp\/v2\/types\/product"}],"replies":[{"embeddable":true,"href":"https:\/\/uranolearning.com\/index.php?rest_route=%2Fwp%2Fv2%2Fcomments&post=20188"}],"wp:featuredmedia":[{"embeddable":true,"href":"https:\/\/uranolearning.com\/index.php?rest_route=\/wp\/v2\/media\/20189"}],"wp:attachment":[{"href":"https:\/\/uranolearning.com\/index.php?rest_route=%2Fwp%2Fv2%2Fmedia&parent=20188"}],"wp:term":[{"taxonomy":"product_brand","embeddable":true,"href":"https:\/\/uranolearning.com\/index.php?rest_route=%2Fwp%2Fv2%2Fproduct_brand&post=20188"},{"taxonomy":"product_cat","embeddable":true,"href":"https:\/\/uranolearning.com\/index.php?rest_route=%2Fwp%2Fv2%2Fproduct_cat&post=20188"},{"taxonomy":"product_tag","embeddable":true,"href":"https:\/\/uranolearning.com\/index.php?rest_route=%2Fwp%2Fv2%2Fproduct_tag&post=20188"}],"curies":[{"name":"wp","href":"https:\/\/api.w.org\/{rel}","templated":true}]}}