{"id":20186,"date":"1970-01-01T00:00:00","date_gmt":"1969-12-31T23:00:00","guid":{"rendered":"https:\/\/uranolearning.com\/producto\/redisenando-tu-destino\/"},"modified":"2026-04-22T08:04:42","modified_gmt":"2026-04-22T06:04:42","slug":"redisenando-tu-destino","status":"publish","type":"product","link":"https:\/\/uranolearning.com\/?product=redisenando-tu-destino","title":{"rendered":"Redise\u00f1ando tu destino"},"content":{"rendered":"<p>DURANTE ESTE CURSO ONLINE DE 7 LECCIONES, APRENDER\u00c1S:<\/p>\n<p><\/p>\n<p>&#8211; Que T\u00da tienes el poder de cambiar tu vida transformando tus pensamientos, as\u00ed como las bases cient\u00edficas que lo demuestran.<\/p>\n<p>&#8211; Entienda lo que significa esa conexi\u00f3n para su vida, y c\u00f3mo la har\u00e1 a\u00fan mejor.<\/p>\n<p>&#8211; Sobre los centros de energ\u00eda que controlan tu salud y c\u00f3mo ponerlos a punto para sentirte m\u00e1s sano.<\/p>\n<p>&#8211; El concepto de cambiar tu conciencia de la materia a la energ\u00eda y traer lo que quieres del futuro a tu vida ahora.<\/p>\n<p>&#8211; C\u00f3mo acceder a m\u00faltiples dimensiones, cada una de las cuales contiene un potencial diferente, para elegir la realidad que deseas.<\/p>\n<p><\/p>\n<p><\/p>\n<section class=\"elementor-section elementor-inner-section elementor-element elementor-element-4e1f60be elementor-section-content-middle elementor-section-boxed elementor-section-height-default elementor-section-height-default\" data-id=\"4e1f60be\" data-element_type=\"section\" style=\"--flex-direction: initial;--flex-wrap: initial;--justify-content: initial;--align-items: initial;--align-content: initial;--gap: initial;--flex-basis: initial;--flex-grow: initial;--flex-shrink: initial;--order: initial;--align-self: initial;flex-basis: var(--flex-basis);flex-grow: var(--flex-grow);flex-shrink: var(--flex-shrink);align-self: var(--align-self);position: relative;--swiper-theme-color:#000;--swiper-navigation-size:44px;--swiper-pagination-bullet-size:6px;--swiper-pagination-bullet-horizontal-gap:6px;--widgets-spacing:20px;width: 545.859px;border-style: solid;border-width: 0px;padding: 0px;border-radius: 0px;font-family: Lato, sans-serif\">\n<div class=\"elementor-container elementor-column-gap-default\" style=\"margin-right: auto;margin-bottom: 0px;margin-left: auto;padding: 0px;direction: ltr;position: relative;flex-wrap: wrap;max-width: 1024px\">\n<div class=\"elementor-row\" style=\"margin-bottom: 0px;padding: 0px;direction: ltr;width: 545.859px;flex-wrap: wrap\">\n<div class=\"elementor-column elementor-col-50 elementor-inner-column elementor-element elementor-element-3b339d05\" data-id=\"3b339d05\" data-element_type=\"column\" style=\"margin-bottom: 0px;padding: 0px;direction: ltr;--flex-direction: initial;--flex-wrap: initial;--justify-content: initial;--align-items: initial;--align-content: initial;--gap: initial;--flex-basis: initial;--flex-grow: initial;--flex-shrink: initial;--order: initial;--align-self: initial;flex-basis: var(--flex-basis);flex-grow: var(--flex-grow);flex-shrink: var(--flex-shrink);align-self: var(--align-self);position: relative;min-height: 1px;--swiper-theme-color:#000;--swiper-navigation-size:44px;--swiper-pagination-bullet-size:6px;--swiper-pagination-bullet-horizontal-gap:6px;--widgets-spacing:20px;width: 109.172px;float: left\">\n<div class=\"elementor-column-wrap elementor-element-populated\" style=\"margin-bottom: 0px;padding: 0px;direction: ltr;width: 109.172px;position: relative\">\n<div class=\"elementor-widget-wrap\" style=\"margin-bottom: 0px;padding: 10px;direction: ltr;position: relative;width: 109.172px;flex-wrap: wrap;align-content: center;align-items: center\">\n<div class=\"elementor-element elementor-element-60845ac elementor-widget elementor-widget-image\" data-id=\"60845ac\" data-element_type=\"widget\" data-widget_type=\"image.default\" style=\"margin-bottom: 0px;padding: 0px;direction: ltr;--flex-direction: initial;--flex-wrap: initial;--justify-content: initial;--align-items: initial;--align-content: initial;--gap: initial;--flex-basis: initial;--flex-grow: initial;--flex-shrink: initial;--order: initial;--align-self: initial;flex-basis: var(--flex-basis);flex-grow: var(--flex-grow);flex-shrink: var(--flex-shrink);align-self: var(--align-self);flex-direction: var(--flex-direction);flex-wrap: var(--flex-wrap);justify-content: var(--justify-content);align-items: var(--align-items);align-content: var(--align-content);gap: var(--gap);position: relative;--swiper-theme-color:#000;--swiper-navigation-size:44px;--swiper-pagination-bullet-size:6px;--swiper-pagination-bullet-horizontal-gap:6px;text-align: center;--widgets-spacing:20px;width: 89.1719px\">\n<div class=\"elementor-widget-container\" style=\"margin-bottom: 0px;padding: 0px;direction: ltr\">\n<div class=\"elementor-image\" style=\"margin-bottom: 0px;padding: 0px;direction: ltr\"><\/div>\n<\/div>\n<\/div>\n<\/div>\n<\/div>\n<\/div>\n<\/div>\n<\/div>\n<\/section>\n","protected":false},"excerpt":{"rendered":"<p>DURANTE ESTE CURSO ONLINE DE 7 LECCIONES, APRENDER\u00c1S: &#8211; Que T\u00da tienes el poder de cambiar tu vida transformando tus pensamientos, as\u00ed como las bases cient\u00edficas que lo demuestran. &#8211;&hellip;<\/p>\n","protected":false},"featured_media":20187,"comment_status":"open","ping_status":"closed","template":"","meta":[],"product_brand":[],"product_cat":[328,334,322],"product_tag":[],"class_list":{"0":"post-20186","1":"product","2":"type-product","3":"status-publish","4":"has-post-thumbnail","6":"product_cat-desarrollo-personal","7":"product_cat-espiritualidad","8":"product_cat-videocurso","10":"first","11":"instock","12":"taxable","13":"shipping-taxable","14":"purchasable","15":"product-type-simple"},"jetpack_sharing_enabled":true,"_links":{"self":[{"href":"https:\/\/uranolearning.com\/index.php?rest_route=\/wp\/v2\/product\/20186","targetHints":{"allow":["GET"]}}],"collection":[{"href":"https:\/\/uranolearning.com\/index.php?rest_route=\/wp\/v2\/product"}],"about":[{"href":"https:\/\/uranolearning.com\/index.php?rest_route=\/wp\/v2\/types\/product"}],"replies":[{"embeddable":true,"href":"https:\/\/uranolearning.com\/index.php?rest_route=%2Fwp%2Fv2%2Fcomments&post=20186"}],"wp:featuredmedia":[{"embeddable":true,"href":"https:\/\/uranolearning.com\/index.php?rest_route=\/wp\/v2\/media\/20187"}],"wp:attachment":[{"href":"https:\/\/uranolearning.com\/index.php?rest_route=%2Fwp%2Fv2%2Fmedia&parent=20186"}],"wp:term":[{"taxonomy":"product_brand","embeddable":true,"href":"https:\/\/uranolearning.com\/index.php?rest_route=%2Fwp%2Fv2%2Fproduct_brand&post=20186"},{"taxonomy":"product_cat","embeddable":true,"href":"https:\/\/uranolearning.com\/index.php?rest_route=%2Fwp%2Fv2%2Fproduct_cat&post=20186"},{"taxonomy":"product_tag","embeddable":true,"href":"https:\/\/uranolearning.com\/index.php?rest_route=%2Fwp%2Fv2%2Fproduct_tag&post=20186"}],"curies":[{"name":"wp","href":"https:\/\/api.w.org\/{rel}","templated":true}]}}