{"id":20184,"date":"1970-01-01T00:00:00","date_gmt":"1969-12-31T23:00:00","guid":{"rendered":"https:\/\/uranolearning.com\/producto\/muchas-vidas-muchos-maestros-new\/"},"modified":"2026-03-17T17:38:55","modified_gmt":"2026-03-17T16:38:55","slug":"muchas-vidas-muchos-maestros-new","status":"publish","type":"product","link":"https:\/\/uranolearning.com\/?product=muchas-vidas-muchos-maestros-new","title":{"rendered":"Muchas vidas, muchos maestros"},"content":{"rendered":"<p>El Dr. Brian Weiss, psiquiatra cl\u00ednico formado en las universidades de Columbia y Yale, asombr\u00f3 al mundo de la psiquiatr\u00eda con las teor\u00edas de la terapia de regresi\u00f3n a vidas pasadas. Como principal experto del pa\u00eds en este campo, el Dr. Weiss ha impartido talleres en vivo e intensivos utilizando lo \u00faltimo en terapia de regresi\u00f3n hipn\u00f3tica. Utilizando la regresi\u00f3n a vidas pasadas, la visualizaci\u00f3n sanadora y el entrenamiento del hemisferio derecho del cerebro, el Dr. Weiss ha ayudado a miles de personas de todo el mundo a curarse de fobias, miedos, ansiedades e incluso dolores f\u00edsicos debilitantes.<\/p>\n","protected":false},"excerpt":{"rendered":"<p>El Dr. Brian Weiss, psiquiatra cl\u00ednico formado en las universidades de Columbia y Yale, asombr\u00f3 al mundo de la psiquiatr\u00eda con las teor\u00edas de la terapia de regresi\u00f3n a vidas&hellip;<\/p>\n","protected":false},"featured_media":20185,"comment_status":"open","ping_status":"closed","template":"","meta":[],"product_brand":[],"product_cat":[335,334,322],"product_tag":[],"class_list":{"0":"post-20184","1":"product","2":"type-product","3":"status-publish","4":"has-post-thumbnail","6":"product_cat-esoterismo","7":"product_cat-espiritualidad","8":"product_cat-videocurso","10":"first","11":"instock","12":"taxable","13":"shipping-taxable","14":"purchasable","15":"product-type-simple"},"jetpack_sharing_enabled":true,"_links":{"self":[{"href":"https:\/\/uranolearning.com\/index.php?rest_route=\/wp\/v2\/product\/20184","targetHints":{"allow":["GET"]}}],"collection":[{"href":"https:\/\/uranolearning.com\/index.php?rest_route=\/wp\/v2\/product"}],"about":[{"href":"https:\/\/uranolearning.com\/index.php?rest_route=\/wp\/v2\/types\/product"}],"replies":[{"embeddable":true,"href":"https:\/\/uranolearning.com\/index.php?rest_route=%2Fwp%2Fv2%2Fcomments&post=20184"}],"wp:featuredmedia":[{"embeddable":true,"href":"https:\/\/uranolearning.com\/index.php?rest_route=\/wp\/v2\/media\/20185"}],"wp:attachment":[{"href":"https:\/\/uranolearning.com\/index.php?rest_route=%2Fwp%2Fv2%2Fmedia&parent=20184"}],"wp:term":[{"taxonomy":"product_brand","embeddable":true,"href":"https:\/\/uranolearning.com\/index.php?rest_route=%2Fwp%2Fv2%2Fproduct_brand&post=20184"},{"taxonomy":"product_cat","embeddable":true,"href":"https:\/\/uranolearning.com\/index.php?rest_route=%2Fwp%2Fv2%2Fproduct_cat&post=20184"},{"taxonomy":"product_tag","embeddable":true,"href":"https:\/\/uranolearning.com\/index.php?rest_route=%2Fwp%2Fv2%2Fproduct_tag&post=20184"}],"curies":[{"name":"wp","href":"https:\/\/api.w.org\/{rel}","templated":true}]}}