{"id":20180,"date":"1970-01-01T00:00:00","date_gmt":"1969-12-31T23:00:00","guid":{"rendered":"https:\/\/uranolearning.com\/producto\/curso-de-milagros\/"},"modified":"2026-03-20T07:53:27","modified_gmt":"2026-03-20T06:53:27","slug":"curso-de-milagros","status":"publish","type":"product","link":"https:\/\/uranolearning.com\/?product=curso-de-milagros","title":{"rendered":"Curso de Milagros"},"content":{"rendered":"<p><span class=\"s1\"><strong>Descripci\u00f3n:<\/strong><\/span><\/p>\n<p><span class=\"s1\">El curso online incluye:<\/span><\/p>\n<ul class=\"ul1\">\n<li class=\"li1\"><span class=\"s1\">M\u00e1s de ocho horas de v\u00eddeo con las ense\u00f1anzas esenciales que contiene este texto transformador.<\/span><\/li>\n<li class=\"li1\"><span class=\"s1\">Una profunda gu\u00eda espiritual sobre c\u00f3mo sanar tus relaciones, eliminar obst\u00e1culos para alcanzar la prosperidad, recuperar la salud y el bienestar, y encontrar la felicidad y la paz interior.<\/span><\/li>\n<li class=\"li1\"><span class=\"s1\">Gran cantidad de ejemplos pr\u00e1cticos y \u00fatiles de la vida real que puedes usar de forma inmediata.<\/span><\/li>\n<li class=\"li1\"><span class=\"s1\">Contenido exclusivo en audio y v\u00eddeo de Foundation for Inner Peace, la organizaci\u00f3n oficial de ACIM.<\/span><\/li>\n<li class=\"li1\"><span class=\"s1\">PDFs descargables para acelerar tu comprensi\u00f3n del Curso.<\/span><\/li>\n<\/ul>\n<p><span class=\"s1\">\u00a0<\/span><\/p>\n<p><span class=\"s1\"><strong>\u00bfTe sientes intimidado o abrumado por <i>Un Curso de Milagros<\/i>? Con sus m\u00e1s de 1.300 p\u00e1ginas, suele tener ese efecto en las personas, pero no est\u00e1s solo. \u00a1Ahora puedes dominar sus ense\u00f1anzas transformadoras en seis sencillas lecciones!<\/strong><\/span><\/p>\n<p>&nbsp;<\/p>\n<p><span class=\"s1\">\u00a0<\/span><\/p>\n<p><span class=\"s1\">Desde su publicaci\u00f3n hace m\u00e1s de cuatro d\u00e9cadas, <i>Un Curso de Milagros<\/i> ha conquistado los corazones de millones de personas en todo el mundo. Su poder sanador es innegable para quienes se han topado con \u00e9l, y ha inspirado a innumerables personas a construir sus vidas en base al amor y el perd\u00f3n en lugar de la ansiedad y la culpa. Es indiscutiblemente uno de los textos espirituales m\u00e1s significativos de la historia de la humanidad. <\/span><\/p>\n<p><span class=\"s1\">Pero incluso para el estudiante m\u00e1s devoto, <i>Un Curso de Milagros<\/i> puede ser complicado. Sus principios confusos y su lenguaje elevado pueden hacer que sea dif\u00edcil de comprender, y su longitud es intimidatoria. No es sorprendente que, a menudo, sea catalogado como el libro \u201cm\u00e1s comprado pero nunca le\u00eddo\u201d. <\/span><\/p>\n<p><span class=\"s1\">Aun as\u00ed, se sigue volviendo a \u00e9l. Una y otra vez. <\/span><\/p>\n<p><span class=\"s1\">\u00bfPor qu\u00e9?<\/span><\/p>\n<p><span class=\"s1\">Porque una vez empiezas a ver c\u00f3mo se transforma tu vida gracias a su mensaje, no hay vuelta atr\u00e1s. <\/span><\/p>\n<p><span class=\"s1\">Pero retrocedamos. Quiz\u00e1 t\u00fa mismo te has aventurado en <i>Un Curso de Milagros<\/i>. Quiz\u00e1 incluso eres un estudiante veterano del curso. O quiz\u00e1, como muchas otras personas, llevas sintiendo curiosidad desde hace un tiempo, pero simplemente no has tenido la ocasi\u00f3n o la manera de llevarlo a cabo. No importa cu\u00e1l sea tu situaci\u00f3n, si has le\u00eddo hasta aqu\u00ed no hay duda de que est\u00e1s interesado en los transformadores beneficios que <i>Un Curso de Milagros<\/i> puede ofrecerte. <\/span><\/p>\n<p><span class=\"s1\"><strong>\u201cAl otro lado de la puerta est\u00e1 el cielo\u201d<\/strong><\/span><\/p>\n<p><span class=\"s1\"><strong>\u2013Alan Cohen<\/strong><\/span><\/p>\n<p><span class=\"s1\">Tanto si quieres sanar tus relaciones, mejorar tu salud, eliminar obst\u00e1culos para alcanzar la prosperidad o volver a la alegr\u00eda, <i>Un Curso de Milagros<\/i> puede llevarte all\u00ed. <\/span><\/p>\n<p><span class=\"s1\">O quiz\u00e1 simplemente deseas obtener respuestas a las preguntas m\u00e1s apremiantes de la vida, como \u201c\u00bfPor qu\u00e9 estoy aqu\u00ed?\u201d y \u201c\u00bfCu\u00e1l es mi prop\u00f3sito?\u201d o \u201c\u00bfPor qu\u00e9 no funciona mi vida?\u201d y \u201c\u00bfPor qu\u00e9 nunca consigo lo que deseo?\u201d. El Curso puede ayudarte a encontrar una respuesta.<\/span><\/p>\n<p><span class=\"s1\">Te muestra un camino hacia la verdadera felicidad y paz interior, libre de cualquier sistema de creencias o teolog\u00eda. Y aunque est\u00e1 escrito a partir de terminolog\u00eda cristiana, va mucho m\u00e1s all\u00e1 de cualquier religi\u00f3n. <\/span><\/p>\n<p>En este primer programa online, pensado tanto para novatos como para estudiantes entregados, no solo enriquecer\u00e1s tu comprensi\u00f3n del Curso, sino que tambi\u00e9n lograr\u00e1s aprender con m\u00e1s facilidad y a un nivel m\u00e1s profundo. En seis lecciones directas y pr\u00e1cticas, descubrir\u00e1s los grandes temas de <i>Un Curso de Milagros<\/i> de parte de uno de sus profesores l\u00edderes, Alan Cohen, que con mano experta te gu\u00eda para desmitificarlo con ejemplos pr\u00e1cticos y realistas que puedes emplear inmediatamente. Tambi\u00e9n te ayudar\u00e1 a descifrar los pasajes m\u00e1s populares y exigentes, a entender sus lecciones m\u00e1s poderosas (y a veces controvertidas), y a cambiar la esencia de tu identidad.<\/p>\n","protected":false},"excerpt":{"rendered":"<p>Descripci\u00f3n: El curso online incluye: M\u00e1s de ocho horas de v\u00eddeo con las ense\u00f1anzas esenciales que contiene este texto transformador. Una profunda gu\u00eda espiritual sobre c\u00f3mo sanar tus relaciones, eliminar&hellip;<\/p>\n","protected":false},"featured_media":20181,"comment_status":"open","ping_status":"closed","template":"","meta":[],"product_brand":[],"product_cat":[335,334,322],"product_tag":[],"class_list":{"0":"post-20180","1":"product","2":"type-product","3":"status-publish","4":"has-post-thumbnail","6":"product_cat-esoterismo","7":"product_cat-espiritualidad","8":"product_cat-videocurso","10":"first","11":"instock","12":"taxable","13":"shipping-taxable","14":"purchasable","15":"product-type-simple"},"jetpack_sharing_enabled":true,"_links":{"self":[{"href":"https:\/\/uranolearning.com\/index.php?rest_route=\/wp\/v2\/product\/20180","targetHints":{"allow":["GET"]}}],"collection":[{"href":"https:\/\/uranolearning.com\/index.php?rest_route=\/wp\/v2\/product"}],"about":[{"href":"https:\/\/uranolearning.com\/index.php?rest_route=\/wp\/v2\/types\/product"}],"replies":[{"embeddable":true,"href":"https:\/\/uranolearning.com\/index.php?rest_route=%2Fwp%2Fv2%2Fcomments&post=20180"}],"wp:featuredmedia":[{"embeddable":true,"href":"https:\/\/uranolearning.com\/index.php?rest_route=\/wp\/v2\/media\/20181"}],"wp:attachment":[{"href":"https:\/\/uranolearning.com\/index.php?rest_route=%2Fwp%2Fv2%2Fmedia&parent=20180"}],"wp:term":[{"taxonomy":"product_brand","embeddable":true,"href":"https:\/\/uranolearning.com\/index.php?rest_route=%2Fwp%2Fv2%2Fproduct_brand&post=20180"},{"taxonomy":"product_cat","embeddable":true,"href":"https:\/\/uranolearning.com\/index.php?rest_route=%2Fwp%2Fv2%2Fproduct_cat&post=20180"},{"taxonomy":"product_tag","embeddable":true,"href":"https:\/\/uranolearning.com\/index.php?rest_route=%2Fwp%2Fv2%2Fproduct_tag&post=20180"}],"curies":[{"name":"wp","href":"https:\/\/api.w.org\/{rel}","templated":true}]}}