{"id":20178,"date":"1970-01-01T00:00:00","date_gmt":"1969-12-31T23:00:00","guid":{"rendered":"https:\/\/uranolearning.com\/producto\/biologia-de-la-creencia-1\/"},"modified":"2025-12-10T05:43:47","modified_gmt":"2025-12-10T04:43:47","slug":"biologia-de-la-creencia-1","status":"publish","type":"product","link":"https:\/\/uranolearning.com\/?product=biologia-de-la-creencia-1","title":{"rendered":"Biolog\u00eda de la creencia"},"content":{"rendered":"<p>El Dr. Lipton es un prestigioso bi\u00f3logo celular, profesor de la Escuela de Medicina e investigador cient\u00edfico que, desde hace m\u00e1s de 40 a\u00f1os estudia los mecanismos a trav\u00e9s de los cuales las c\u00e9lulas procesan y reciben informaci\u00f3n.<\/p>\n<div style=\"font-family: -webkit-standard\">La nueva ciencia de la Epigen\u00e9tica est\u00e1 dando un giro de 360 grados a nuestra comprensi\u00f3n sobre los encadenamientos entre la mente y la materia, iluminando sobre los efectos profundos que estos procesos sincr\u00f3nicos producen en nuestras vidas individuales, la sociedad en su conjunto y el futuro de la vida en el planeta. Describe con exactitud las rutas moleculares a trav\u00e9s de las que nuestras c\u00e9lulas se ven afectadas por nuestros pensamientos, gracias a los efectos bioqu\u00edmicos de las funciones cerebrales.  <\/p>\n<p>Traducido todo esto a un lenguaje de la vida cotidiana, si percibimos por ejemplo una amenaza constante, nuestras c\u00e9lulas terminar\u00e1n enfermandose por el proceso cr\u00f3nico de estr\u00e9s al cual ser\u00e1n sometidas. En el momento en que cambiamos ese entorno o modificamos la percepci\u00f3n de lo que sucede en \u00e9l, las c\u00e9lulas regresan a su estado original de desarrollo y salud. <\/p><\/div>\n<div style=\"font-family: -webkit-standard\"><\/div>\n<div style=\"font-family: -webkit-standard\">Nuestra percepci\u00f3n es una propiedad del pensamiento, y la forma en que este percibe depende de nuestras creencias, las cuales son programas alojados en nuestro subconsciente. As\u00ed los genes no controlan nuestra biolog\u00eda, como se cre\u00eda hasta hace poco tiempo, sino que nuestro comportamiento celular y funciones org\u00e1nicas, dependen directamente de los est\u00edmulos ambientales y de nuestra percepci\u00f3n sobre estos. Es el ADN el que est\u00e1 moderado por las se\u00f1ales procedentes del medio externo celular y los poderosos mensajes que provienen de nuestros pensamientos positivos y negativos. De esta manera, nuestro cuerpo puede cambiar si reeducamos nuestra forma de pensar.<\/p>\n<\/div>\n<p>El curso est\u00e1 dividido en 5 lecciones con un total de 34 videoconferencias, que transcurren a lo largo de casi 9 horas muy amenas, en las cuales el autor aborda las tem\u00e1ticas de la comprensi\u00f3n del mundo que nos rodea, el campo cu\u00e1ntico, la verdad sobre nuestra biolog\u00eda, hasta el dominio de la mente subconsciente.<\/p>\n","protected":false},"excerpt":{"rendered":"<p>El Dr. Lipton es un prestigioso bi\u00f3logo celular, profesor de la Escuela de Medicina e investigador cient\u00edfico que, desde hace m\u00e1s de 40 a\u00f1os estudia los mecanismos a trav\u00e9s de&hellip;<\/p>\n","protected":false},"featured_media":20179,"comment_status":"open","ping_status":"closed","template":"","meta":[],"product_brand":[],"product_cat":[328,334,322],"product_tag":[],"class_list":{"0":"post-20178","1":"product","2":"type-product","3":"status-publish","4":"has-post-thumbnail","6":"product_cat-desarrollo-personal","7":"product_cat-espiritualidad","8":"product_cat-videocurso","10":"first","11":"instock","12":"taxable","13":"shipping-taxable","14":"purchasable","15":"product-type-simple"},"jetpack_sharing_enabled":true,"_links":{"self":[{"href":"https:\/\/uranolearning.com\/index.php?rest_route=\/wp\/v2\/product\/20178","targetHints":{"allow":["GET"]}}],"collection":[{"href":"https:\/\/uranolearning.com\/index.php?rest_route=\/wp\/v2\/product"}],"about":[{"href":"https:\/\/uranolearning.com\/index.php?rest_route=\/wp\/v2\/types\/product"}],"replies":[{"embeddable":true,"href":"https:\/\/uranolearning.com\/index.php?rest_route=%2Fwp%2Fv2%2Fcomments&post=20178"}],"wp:featuredmedia":[{"embeddable":true,"href":"https:\/\/uranolearning.com\/index.php?rest_route=\/wp\/v2\/media\/20179"}],"wp:attachment":[{"href":"https:\/\/uranolearning.com\/index.php?rest_route=%2Fwp%2Fv2%2Fmedia&parent=20178"}],"wp:term":[{"taxonomy":"product_brand","embeddable":true,"href":"https:\/\/uranolearning.com\/index.php?rest_route=%2Fwp%2Fv2%2Fproduct_brand&post=20178"},{"taxonomy":"product_cat","embeddable":true,"href":"https:\/\/uranolearning.com\/index.php?rest_route=%2Fwp%2Fv2%2Fproduct_cat&post=20178"},{"taxonomy":"product_tag","embeddable":true,"href":"https:\/\/uranolearning.com\/index.php?rest_route=%2Fwp%2Fv2%2Fproduct_tag&post=20178"}],"curies":[{"name":"wp","href":"https:\/\/api.w.org\/{rel}","templated":true}]}}