{"id":20163,"date":"1970-01-01T00:00:00","date_gmt":"1969-12-31T23:00:00","guid":{"rendered":"https:\/\/uranolearning.com\/producto\/la-tecnica-del-esmalte-al-fuego-aplicada-a-la-joyeria-luis-valles\/"},"modified":"2025-06-07T18:27:57","modified_gmt":"2025-06-07T16:27:57","slug":"la-tecnica-del-esmalte-al-fuego-aplicada-a-la-joyeria-luis-valles","status":"publish","type":"product","link":"https:\/\/uranolearning.com\/?product=la-tecnica-del-esmalte-al-fuego-aplicada-a-la-joyeria-luis-valles","title":{"rendered":"La t\u00e9cnica del esmalte al fuego aplicada a la joyer\u00eda y orfebrer\u00eda"},"content":{"rendered":"<p>En este curso aprender\u00e1s <strong>la t\u00e9cnica del esmalte al fuego aplicada a la joyer\u00eda<\/strong>,asi como las caracter\u00edsticas que deben tener las joyas esmaltadas.<\/p>\n<p>Empezaremos con el dise\u00f1o y las diferentes formas de elaboraci\u00f3n de la joya, para poder esmaltarla con \u00e9xito.Veremos como son los distintos tipos de esmalte y como prepararlos. <\/p>\n<p>Haremos un desarrollo completo del esmaltado,lapidaci\u00f3n y cocci\u00f3n de de dos piezas,con diferentes t\u00e9cnicas,nos centraremos en el esmalte celular y la baja talla translucida.<br \/>Tambien trabajaremos los acabados de la joya: pulido,brillo, dorado y hablaremos del rodinado y plateado.<\/p>\n<p>Ademas ver\u00e9is un adescripcion de todos los materiales,productos y herramientas que se utilizan en este oficio.<\/p>\n<p>Curso ofrecido por <strong>Luis Vall\u00e9s Morales<\/strong>, reconocido esmaltador y orfebre galardonado por n\u00famerosos premios a lo largo de su vida laboral como artesano de este oficio.<\/p>\n<p><\/p>\n<p><a href=\"http:\/\/www.luisvallesesmaltes.es\">www.luisvallesesmaltes.es<\/a><\/p>\n","protected":false},"excerpt":{"rendered":"<p>En este curso aprender\u00e1s la t\u00e9cnica del esmalte al fuego aplicada a la joyer\u00eda,asi como las caracter\u00edsticas que deben tener las joyas esmaltadas. Empezaremos con el dise\u00f1o y las diferentes&hellip;<\/p>\n","protected":false},"featured_media":20166,"comment_status":"open","ping_status":"closed","template":"","meta":[],"product_brand":[],"product_cat":[333,322],"product_tag":[],"class_list":{"0":"post-20163","1":"product","2":"type-product","3":"status-publish","4":"has-post-thumbnail","6":"product_cat-practicos","7":"product_cat-videocurso","9":"first","10":"instock","11":"taxable","12":"shipping-taxable","13":"purchasable","14":"product-type-simple"},"jetpack_sharing_enabled":true,"_links":{"self":[{"href":"https:\/\/uranolearning.com\/index.php?rest_route=\/wp\/v2\/product\/20163","targetHints":{"allow":["GET"]}}],"collection":[{"href":"https:\/\/uranolearning.com\/index.php?rest_route=\/wp\/v2\/product"}],"about":[{"href":"https:\/\/uranolearning.com\/index.php?rest_route=\/wp\/v2\/types\/product"}],"replies":[{"embeddable":true,"href":"https:\/\/uranolearning.com\/index.php?rest_route=%2Fwp%2Fv2%2Fcomments&post=20163"}],"wp:featuredmedia":[{"embeddable":true,"href":"https:\/\/uranolearning.com\/index.php?rest_route=\/wp\/v2\/media\/20166"}],"wp:attachment":[{"href":"https:\/\/uranolearning.com\/index.php?rest_route=%2Fwp%2Fv2%2Fmedia&parent=20163"}],"wp:term":[{"taxonomy":"product_brand","embeddable":true,"href":"https:\/\/uranolearning.com\/index.php?rest_route=%2Fwp%2Fv2%2Fproduct_brand&post=20163"},{"taxonomy":"product_cat","embeddable":true,"href":"https:\/\/uranolearning.com\/index.php?rest_route=%2Fwp%2Fv2%2Fproduct_cat&post=20163"},{"taxonomy":"product_tag","embeddable":true,"href":"https:\/\/uranolearning.com\/index.php?rest_route=%2Fwp%2Fv2%2Fproduct_tag&post=20163"}],"curies":[{"name":"wp","href":"https:\/\/api.w.org\/{rel}","templated":true}]}}