{"id":20159,"date":"1970-01-01T00:00:00","date_gmt":"1969-12-31T23:00:00","guid":{"rendered":"https:\/\/uranolearning.com\/producto\/creer-en-ti\/"},"modified":"2025-09-29T15:41:59","modified_gmt":"2025-09-29T13:41:59","slug":"creer-en-ti","status":"publish","type":"product","link":"https:\/\/uranolearning.com\/?product=creer-en-ti","title":{"rendered":"Creer en Ti"},"content":{"rendered":"<p>Quien soy? Donde esta la felicidad? Si te lo propones todo lo puedes? Como fortalecer tu primer circulo de relaciones? Puedes vivir siempre de lo que te apasiona? La confianza lo es todo? Preguntas fuertes, que en este curso \u201cCreer en ti\u201d, Jessie Cervantes  nos va a realizar y va a compartir su conocimiento para responderlas. <\/p>\n<p>La disciplina del coaching es ideal para lograr un desarrollo personal adecuado, el cual te permitir\u00e1 vivir una vida m\u00e1s plena. En nuestro devenir diario necesitamos establecer una motivaci\u00f3n e identificaci\u00f3n alta para sentirnos realizados. En su rol de constante de motivador Jessie nos invita ir hacia adentro para saber lo que va a pasar afuera, para andar con rumbo y teniendo los objetivos muy claros. Nos va a hablar del desarrollo humano, del andar cotidiano, de lo importante que es conocernos, empoderarnos y creer en nosotros.<\/p>\n<p>\u00bfComo despertar la confianza en ti? \u00bfComo encontrar la manera de lograr todo lo que te propones? No hay mayor fuerza ni poder m\u00e1s grande que saber qui\u00e9n eres y creer en ti.<\/p>\n<p><i>\u00abTe advierto, quienquiera que fueres t\u00fa, que deseas<br \/>\nsondear los arcanos de la naturaleza, que, si no hallas dentro de ti mismo<br \/>\naquello que buscas, tampoco podr\u00e1s hallarlo fuera. Si t\u00fa ignoras las<br \/>\nexcelencias de tu propia casa, \u00bfc\u00f3mo pretendes encontrar otras excelencias? En<br \/>\nti se halla oculto el Tesoro de los Tesoros. Hombre, con\u00f3cete a ti mismo y<br \/>\nconocer\u00e1s el universo y a los dioses\u00bb.<\/i>  Frase escrita<br \/>\nen oro, en las entradas del templo de Apolo, Delfos , Grecia.<\/p>\n<p><\/p>\n<p><\/p>\n<p><\/p>\n<p><\/p>\n<p><\/p>\n","protected":false},"excerpt":{"rendered":"<p>Quien soy? Donde esta la felicidad? Si te lo propones todo lo puedes? Como fortalecer tu primer circulo de relaciones? Puedes vivir siempre de lo que te apasiona? La confianza&hellip;<\/p>\n","protected":false},"featured_media":20160,"comment_status":"open","ping_status":"closed","template":"","meta":[],"product_brand":[],"product_cat":[328,322],"product_tag":[],"class_list":{"0":"post-20159","1":"product","2":"type-product","3":"status-publish","4":"has-post-thumbnail","6":"product_cat-desarrollo-personal","7":"product_cat-videocurso","9":"first","10":"instock","11":"taxable","12":"shipping-taxable","13":"purchasable","14":"product-type-simple"},"jetpack_sharing_enabled":true,"_links":{"self":[{"href":"https:\/\/uranolearning.com\/index.php?rest_route=\/wp\/v2\/product\/20159","targetHints":{"allow":["GET"]}}],"collection":[{"href":"https:\/\/uranolearning.com\/index.php?rest_route=\/wp\/v2\/product"}],"about":[{"href":"https:\/\/uranolearning.com\/index.php?rest_route=\/wp\/v2\/types\/product"}],"replies":[{"embeddable":true,"href":"https:\/\/uranolearning.com\/index.php?rest_route=%2Fwp%2Fv2%2Fcomments&post=20159"}],"wp:featuredmedia":[{"embeddable":true,"href":"https:\/\/uranolearning.com\/index.php?rest_route=\/wp\/v2\/media\/20160"}],"wp:attachment":[{"href":"https:\/\/uranolearning.com\/index.php?rest_route=%2Fwp%2Fv2%2Fmedia&parent=20159"}],"wp:term":[{"taxonomy":"product_brand","embeddable":true,"href":"https:\/\/uranolearning.com\/index.php?rest_route=%2Fwp%2Fv2%2Fproduct_brand&post=20159"},{"taxonomy":"product_cat","embeddable":true,"href":"https:\/\/uranolearning.com\/index.php?rest_route=%2Fwp%2Fv2%2Fproduct_cat&post=20159"},{"taxonomy":"product_tag","embeddable":true,"href":"https:\/\/uranolearning.com\/index.php?rest_route=%2Fwp%2Fv2%2Fproduct_tag&post=20159"}],"curies":[{"name":"wp","href":"https:\/\/api.w.org\/{rel}","templated":true}]}}