{"id":20157,"date":"2020-11-05T00:00:00","date_gmt":"2020-11-04T23:00:00","guid":{"rendered":"https:\/\/uranolearning.com\/producto\/como-vender-mas-consejos-practicos-para-enamorar-a-tus-clientes\/"},"modified":"2026-04-29T00:38:33","modified_gmt":"2026-04-28T22:38:33","slug":"como-vender-mas-consejos-practicos-para-enamorar-a-tus-clientes","status":"publish","type":"product","link":"https:\/\/uranolearning.com\/?product=como-vender-mas-consejos-practicos-para-enamorar-a-tus-clientes","title":{"rendered":"\u00bfC\u00d3MO VENDER M\u00c1S? Consejos pr\u00e1cticos para captar y enamorar clientes"},"content":{"rendered":"<blockquote><p>El curso consta de 8 cap\u00edtulos (v\u00eddeos), cada uno de entre 6 y 8 mn de duraci\u00f3n.<\/p><\/blockquote>\n<p>1 \u2013 LA VENTA<\/p>\n<p>2 \u2013 EL CLIENTE, ESE CLARO OBJETO DEL DESEO<\/p>\n<p>3 \u2013 VENDER, CUESTI\u00d3N DE M\u00c9TODO<\/p>\n<p>4 \u2013 EN BUSCA DEL VENDEDOR PERFECTO<\/p>\n<p>5 \u2013 EL JEFE DE VENTAS IDEAL<\/p>\n<p>6 \u2013 VENDER EN TIEMPOS DIGITALES<\/p>\n<p>7 \u2013 15 ERRORES HABITUALES EN LA VENTA<\/p>\n<p>8 \u2013 10 CLAVES PARA VENDER CON \u00c9XITO <\/p>\n<p>Adem\u00e1s, incluye un CUESTIONARIO FINAL, de 32 preguntas, que permitir\u00e1 al participante comprobar y valorar su grado de aprendizaje. Se recomienda realizar dicho test final s\u00f3lo tras haber completado los 8 cap\u00edtulos del curso. Orientativamente, consideramos que contestar acertadamente un m\u00ednimo de 20 preguntas es un resultado satisfactorio. En caso contrario, sugerimos revisar conceptos y rehacer el test. Puedes repetir el test tantas veces como desees.<strong><\/strong><\/p>\n<p><strong><\/strong><\/p>\n","protected":false},"excerpt":{"rendered":"<p>El curso consta de 8 cap\u00edtulos (v\u00eddeos), cada uno de entre 6 y 8 mn de duraci\u00f3n. 1 \u2013 LA VENTA 2 \u2013 EL CLIENTE, ESE CLARO OBJETO DEL DESEO&hellip;<\/p>\n","protected":false},"featured_media":20158,"comment_status":"open","ping_status":"closed","template":"","meta":[],"product_brand":[],"product_cat":[331,322],"product_tag":[],"class_list":{"0":"post-20157","1":"product","2":"type-product","3":"status-publish","4":"has-post-thumbnail","6":"product_cat-desarrollo-profesional","7":"product_cat-videocurso","9":"first","10":"instock","11":"taxable","12":"shipping-taxable","13":"purchasable","14":"product-type-simple"},"jetpack_sharing_enabled":true,"_links":{"self":[{"href":"https:\/\/uranolearning.com\/index.php?rest_route=\/wp\/v2\/product\/20157","targetHints":{"allow":["GET"]}}],"collection":[{"href":"https:\/\/uranolearning.com\/index.php?rest_route=\/wp\/v2\/product"}],"about":[{"href":"https:\/\/uranolearning.com\/index.php?rest_route=\/wp\/v2\/types\/product"}],"replies":[{"embeddable":true,"href":"https:\/\/uranolearning.com\/index.php?rest_route=%2Fwp%2Fv2%2Fcomments&post=20157"}],"wp:featuredmedia":[{"embeddable":true,"href":"https:\/\/uranolearning.com\/index.php?rest_route=\/wp\/v2\/media\/20158"}],"wp:attachment":[{"href":"https:\/\/uranolearning.com\/index.php?rest_route=%2Fwp%2Fv2%2Fmedia&parent=20157"}],"wp:term":[{"taxonomy":"product_brand","embeddable":true,"href":"https:\/\/uranolearning.com\/index.php?rest_route=%2Fwp%2Fv2%2Fproduct_brand&post=20157"},{"taxonomy":"product_cat","embeddable":true,"href":"https:\/\/uranolearning.com\/index.php?rest_route=%2Fwp%2Fv2%2Fproduct_cat&post=20157"},{"taxonomy":"product_tag","embeddable":true,"href":"https:\/\/uranolearning.com\/index.php?rest_route=%2Fwp%2Fv2%2Fproduct_tag&post=20157"}],"curies":[{"name":"wp","href":"https:\/\/api.w.org\/{rel}","templated":true}]}}