{"id":20155,"date":"1970-01-01T00:00:00","date_gmt":"1969-12-31T23:00:00","guid":{"rendered":"https:\/\/uranolearning.com\/producto\/atrayendo-la-abundancia\/"},"modified":"2026-03-17T17:35:55","modified_gmt":"2026-03-17T16:35:55","slug":"atrayendo-la-abundancia","status":"publish","type":"product","link":"https:\/\/uranolearning.com\/?product=atrayendo-la-abundancia","title":{"rendered":"Curso de la Abundancia"},"content":{"rendered":"<p style=\"margin-left: 20px\">Las personas que gozan de la suerte y la posibilidad de<br \/>\nhacer alg\u00fan tipo de introspecci\u00f3n durante el d\u00eda saben que para ordenar la<br \/>\nmara\u00f1a de pensamientos, emociones y sentimientos que a veces nos invade, es<br \/>\nnecesaria una gu\u00eda que posiblemente encontremos en alg\u00fan momento de la infancia<br \/>\no de nuestras vidas en el que sentimos firmemente que alguien nos mostr\u00f3 el<br \/>\nbuen camino o la buena fortuna. Esa gu\u00eda es la que nos ayuda a dejar a un lado nuestros<br \/>\nmiedos y preocupaciones y elegir nuestro destino de abundancia que nos trae<br \/>\nprosperidad econ\u00f3mica, intelectual, social y espiritual.<br class=\"Apple-interchange-newline\">Es importante conectar tu coraz\u00f3n con Los \u00c1ngeles de la abundancia para dise\u00f1ar una vida donde no te falta nada y atraigas abundancia en el Amor, Dinero, Trabajo, Salud, Bienestar&#8230; En todas las \u00e1reas de tu vida.<br style=\"font-family: Arial, Helvetica, sans-serif;font-size: small\">-Activa el flujo de tu econom\u00eda, Los \u00c1ngeles te dir\u00e1n c\u00f3mo.<br style=\"font-family: Arial, Helvetica, sans-serif;font-size: small\">-Detectaremos los pensamientos e ideas que no nos permiten llegar al lugar que queremos.<br style=\"font-family: Arial, Helvetica, sans-serif;font-size: small\">-Te sientes frustrado por fracasar continuamente, esta conferencia es para ti.<br style=\"font-family: Arial, Helvetica, sans-serif;font-size: small\"><br \/>En este curso Gaby Heredia nos facilitar\u00e1 las claves para generar la abundancia!<\/p>\n<p><span><\/span><\/p>\n<p class=\"MsoNormal\"><\/p>\n","protected":false},"excerpt":{"rendered":"<p>Las personas que gozan de la suerte y la posibilidad de hacer alg\u00fan tipo de introspecci\u00f3n durante el d\u00eda saben que para ordenar la mara\u00f1a de pensamientos, emociones y sentimientos&hellip;<\/p>\n","protected":false},"featured_media":20156,"comment_status":"open","ping_status":"closed","template":"","meta":[],"product_brand":[],"product_cat":[328,331,322],"product_tag":[],"class_list":{"0":"post-20155","1":"product","2":"type-product","3":"status-publish","4":"has-post-thumbnail","6":"product_cat-desarrollo-personal","7":"product_cat-desarrollo-profesional","8":"product_cat-videocurso","10":"first","11":"instock","12":"taxable","13":"shipping-taxable","14":"purchasable","15":"product-type-simple"},"jetpack_sharing_enabled":true,"_links":{"self":[{"href":"https:\/\/uranolearning.com\/index.php?rest_route=\/wp\/v2\/product\/20155","targetHints":{"allow":["GET"]}}],"collection":[{"href":"https:\/\/uranolearning.com\/index.php?rest_route=\/wp\/v2\/product"}],"about":[{"href":"https:\/\/uranolearning.com\/index.php?rest_route=\/wp\/v2\/types\/product"}],"replies":[{"embeddable":true,"href":"https:\/\/uranolearning.com\/index.php?rest_route=%2Fwp%2Fv2%2Fcomments&post=20155"}],"wp:featuredmedia":[{"embeddable":true,"href":"https:\/\/uranolearning.com\/index.php?rest_route=\/wp\/v2\/media\/20156"}],"wp:attachment":[{"href":"https:\/\/uranolearning.com\/index.php?rest_route=%2Fwp%2Fv2%2Fmedia&parent=20155"}],"wp:term":[{"taxonomy":"product_brand","embeddable":true,"href":"https:\/\/uranolearning.com\/index.php?rest_route=%2Fwp%2Fv2%2Fproduct_brand&post=20155"},{"taxonomy":"product_cat","embeddable":true,"href":"https:\/\/uranolearning.com\/index.php?rest_route=%2Fwp%2Fv2%2Fproduct_cat&post=20155"},{"taxonomy":"product_tag","embeddable":true,"href":"https:\/\/uranolearning.com\/index.php?rest_route=%2Fwp%2Fv2%2Fproduct_tag&post=20155"}],"curies":[{"name":"wp","href":"https:\/\/api.w.org\/{rel}","templated":true}]}}