{"id":20153,"date":"1970-01-01T00:00:00","date_gmt":"1969-12-31T23:00:00","guid":{"rendered":"https:\/\/uranolearning.com\/producto\/hola-50-1\/"},"modified":"2026-04-20T18:19:59","modified_gmt":"2026-04-20T16:19:59","slug":"hola-50-1","status":"publish","type":"product","link":"https:\/\/uranolearning.com\/?product=hola-50-1","title":{"rendered":"Hola 50!"},"content":{"rendered":"<p>Bienvenidos a este viaje inici\u00e1tico que combina espiritualidad y buen humor. El viaje personal de una mujer que ha llegado a sus 50 y quiere transmitirte sus secretos para vivir con alegr\u00eda cualquiera sea tu edad.  No es un curso convencional. Tampoco son clases r\u00edgidas.  Son momentos para que te regales que te har\u00e1n reflexionar sobre la vida que est\u00e1s viviendo y aquella que puedes llegar a alcanzar si te lo propones. <\/p>\n<p><span><\/span>Los m\u00f3dulos son:<\/p>\n<p>&#8211; Los 50, comienza lo mejor del viaje<\/p>\n<p>&#8211; Vamos a vivir con alegr\u00eda?<\/p>\n<p>&#8211; Quererse bien para querer bien<\/p>\n<p>&#8211; Del dolor al buen amor<\/p>\n<p>&#8211; Herramientas para el alma<\/p>\n<p>&#8211; Descubrir el mundo en la propia compa\u00f1\u00eda<\/p>\n<p>&#8211; Meditaci\u00f3n de conexi\u00f3n con tu ni\u00f1o interior<\/p>\n","protected":false},"excerpt":{"rendered":"<p>Bienvenidos a este viaje inici\u00e1tico que combina espiritualidad y buen humor. El viaje personal de una mujer que ha llegado a sus 50 y quiere transmitirte sus secretos para vivir&hellip;<\/p>\n","protected":false},"featured_media":20154,"comment_status":"open","ping_status":"closed","template":"","meta":[],"product_brand":[],"product_cat":[336,333,322],"product_tag":[],"class_list":{"0":"post-20153","1":"product","2":"type-product","3":"status-publish","4":"has-post-thumbnail","6":"product_cat-mujer","7":"product_cat-practicos","8":"product_cat-videocurso","10":"first","11":"instock","12":"taxable","13":"shipping-taxable","14":"purchasable","15":"product-type-simple"},"jetpack_sharing_enabled":true,"_links":{"self":[{"href":"https:\/\/uranolearning.com\/index.php?rest_route=\/wp\/v2\/product\/20153","targetHints":{"allow":["GET"]}}],"collection":[{"href":"https:\/\/uranolearning.com\/index.php?rest_route=\/wp\/v2\/product"}],"about":[{"href":"https:\/\/uranolearning.com\/index.php?rest_route=\/wp\/v2\/types\/product"}],"replies":[{"embeddable":true,"href":"https:\/\/uranolearning.com\/index.php?rest_route=%2Fwp%2Fv2%2Fcomments&post=20153"}],"wp:featuredmedia":[{"embeddable":true,"href":"https:\/\/uranolearning.com\/index.php?rest_route=\/wp\/v2\/media\/20154"}],"wp:attachment":[{"href":"https:\/\/uranolearning.com\/index.php?rest_route=%2Fwp%2Fv2%2Fmedia&parent=20153"}],"wp:term":[{"taxonomy":"product_brand","embeddable":true,"href":"https:\/\/uranolearning.com\/index.php?rest_route=%2Fwp%2Fv2%2Fproduct_brand&post=20153"},{"taxonomy":"product_cat","embeddable":true,"href":"https:\/\/uranolearning.com\/index.php?rest_route=%2Fwp%2Fv2%2Fproduct_cat&post=20153"},{"taxonomy":"product_tag","embeddable":true,"href":"https:\/\/uranolearning.com\/index.php?rest_route=%2Fwp%2Fv2%2Fproduct_tag&post=20153"}],"curies":[{"name":"wp","href":"https:\/\/api.w.org\/{rel}","templated":true}]}}