{"id":20151,"date":"2020-05-04T00:00:00","date_gmt":"2020-05-03T22:00:00","guid":{"rendered":"https:\/\/uranolearning.com\/producto\/consejos-de-negocio-para-los-nuevos-tiempos\/"},"modified":"2025-09-09T01:54:48","modified_gmt":"2025-09-08T23:54:48","slug":"consejos-de-negocio-para-los-nuevos-tiempos","status":"publish","type":"product","link":"https:\/\/uranolearning.com\/?product=consejos-de-negocio-para-los-nuevos-tiempos","title":{"rendered":"Consejos de negocio para los nuevos tiempos"},"content":{"rendered":"<p>En este curso Enrique de Mora nos da tips o consejos para adaptar la gesti\u00f3n de las organizaciones a la nueva realidad o a los nuevos tiempos, principalmente en \u00e1reas tales como Finanzas, Operaciones, Productos y servicios, Marketing, Ventas, Gesti\u00f3n de Personas, etc.<\/p>\n<p><\/p>\n<p><\/p>\n","protected":false},"excerpt":{"rendered":"<p>En este curso Enrique de Mora nos da tips o consejos para adaptar la gesti\u00f3n de las organizaciones a la nueva realidad o a los nuevos tiempos, principalmente en \u00e1reas&hellip;<\/p>\n","protected":false},"featured_media":20152,"comment_status":"open","ping_status":"closed","template":"","meta":[],"product_brand":[],"product_cat":[331,322],"product_tag":[],"class_list":{"0":"post-20151","1":"product","2":"type-product","3":"status-publish","4":"has-post-thumbnail","6":"product_cat-desarrollo-profesional","7":"product_cat-videocurso","9":"first","10":"instock","11":"taxable","12":"shipping-taxable","13":"purchasable","14":"product-type-simple"},"jetpack_sharing_enabled":true,"_links":{"self":[{"href":"https:\/\/uranolearning.com\/index.php?rest_route=\/wp\/v2\/product\/20151","targetHints":{"allow":["GET"]}}],"collection":[{"href":"https:\/\/uranolearning.com\/index.php?rest_route=\/wp\/v2\/product"}],"about":[{"href":"https:\/\/uranolearning.com\/index.php?rest_route=\/wp\/v2\/types\/product"}],"replies":[{"embeddable":true,"href":"https:\/\/uranolearning.com\/index.php?rest_route=%2Fwp%2Fv2%2Fcomments&post=20151"}],"wp:featuredmedia":[{"embeddable":true,"href":"https:\/\/uranolearning.com\/index.php?rest_route=\/wp\/v2\/media\/20152"}],"wp:attachment":[{"href":"https:\/\/uranolearning.com\/index.php?rest_route=%2Fwp%2Fv2%2Fmedia&parent=20151"}],"wp:term":[{"taxonomy":"product_brand","embeddable":true,"href":"https:\/\/uranolearning.com\/index.php?rest_route=%2Fwp%2Fv2%2Fproduct_brand&post=20151"},{"taxonomy":"product_cat","embeddable":true,"href":"https:\/\/uranolearning.com\/index.php?rest_route=%2Fwp%2Fv2%2Fproduct_cat&post=20151"},{"taxonomy":"product_tag","embeddable":true,"href":"https:\/\/uranolearning.com\/index.php?rest_route=%2Fwp%2Fv2%2Fproduct_tag&post=20151"}],"curies":[{"name":"wp","href":"https:\/\/api.w.org\/{rel}","templated":true}]}}