{"id":20143,"date":"1970-01-01T00:00:00","date_gmt":"1969-12-31T23:00:00","guid":{"rendered":"https:\/\/uranolearning.com\/producto\/taller-duermete-nino\/"},"modified":"2026-05-06T20:29:37","modified_gmt":"2026-05-06T18:29:37","slug":"taller-duermete-nino","status":"publish","type":"product","link":"https:\/\/uranolearning.com\/?product=taller-duermete-nino","title":{"rendered":"Taller &#8216;Du\u00e9rmete Ni\u00f1o&#8217;"},"content":{"rendered":"<p>De la mano del Dr. Eduard Estivill, ofrecemos un taller que nos proporcionar\u00e1 herramientas claras y sencillas para ense\u00f1ar a dormir a los ni\u00f1os. Un tratamiento cient\u00edfico que sigue unas normas serias y rigurosas, recomendadas tambi\u00e9n por la Asociaci\u00f3n Americana de Pediatr\u00eda y la Asociaci\u00f3n Americana de Medicina del Sue\u00f1o, y que han ense\u00f1ado a dormir a millones de ni\u00f1os en todo el mundo.<\/p>\n","protected":false},"excerpt":{"rendered":"<p>De la mano del Dr. Eduard Estivill, ofrecemos un taller que nos proporcionar\u00e1 herramientas claras y sencillas para ense\u00f1ar a dormir a los ni\u00f1os. Un tratamiento cient\u00edfico que sigue unas&hellip;<\/p>\n","protected":false},"featured_media":20144,"comment_status":"open","ping_status":"closed","template":"","meta":[],"product_brand":[],"product_cat":[322],"product_tag":[],"class_list":{"0":"post-20143","1":"product","2":"type-product","3":"status-publish","4":"has-post-thumbnail","6":"product_cat-videocurso","8":"first","9":"instock","10":"taxable","11":"shipping-taxable","12":"purchasable","13":"product-type-simple"},"jetpack_sharing_enabled":true,"_links":{"self":[{"href":"https:\/\/uranolearning.com\/index.php?rest_route=\/wp\/v2\/product\/20143","targetHints":{"allow":["GET"]}}],"collection":[{"href":"https:\/\/uranolearning.com\/index.php?rest_route=\/wp\/v2\/product"}],"about":[{"href":"https:\/\/uranolearning.com\/index.php?rest_route=\/wp\/v2\/types\/product"}],"replies":[{"embeddable":true,"href":"https:\/\/uranolearning.com\/index.php?rest_route=%2Fwp%2Fv2%2Fcomments&post=20143"}],"wp:featuredmedia":[{"embeddable":true,"href":"https:\/\/uranolearning.com\/index.php?rest_route=\/wp\/v2\/media\/20144"}],"wp:attachment":[{"href":"https:\/\/uranolearning.com\/index.php?rest_route=%2Fwp%2Fv2%2Fmedia&parent=20143"}],"wp:term":[{"taxonomy":"product_brand","embeddable":true,"href":"https:\/\/uranolearning.com\/index.php?rest_route=%2Fwp%2Fv2%2Fproduct_brand&post=20143"},{"taxonomy":"product_cat","embeddable":true,"href":"https:\/\/uranolearning.com\/index.php?rest_route=%2Fwp%2Fv2%2Fproduct_cat&post=20143"},{"taxonomy":"product_tag","embeddable":true,"href":"https:\/\/uranolearning.com\/index.php?rest_route=%2Fwp%2Fv2%2Fproduct_tag&post=20143"}],"curies":[{"name":"wp","href":"https:\/\/api.w.org\/{rel}","templated":true}]}}