{"id":20118,"date":"1970-01-01T00:00:00","date_gmt":"1969-12-31T23:00:00","guid":{"rendered":"https:\/\/uranolearning.com\/producto\/en-movimiento-con-yoga-en-la-cocina\/"},"modified":"2026-03-20T07:55:15","modified_gmt":"2026-03-20T06:55:15","slug":"en-movimiento-con-yoga-en-la-cocina","status":"publish","type":"product","link":"https:\/\/uranolearning.com\/?product=en-movimiento-con-yoga-en-la-cocina","title":{"rendered":"EN MOVIMIENTO CON YOGA EN LA COCINA"},"content":{"rendered":"<p>Consta de ocho secuencias de yoga con alineaci\u00f3n Bowspring de 30 minutos de duraci\u00f3n cada una. <\/p>\n<p>Cada lecci\u00f3n ejemplifica la pr\u00e1ctica &#8220;en movimiento&#8221; de la lecci\u00f3n correspondiente en el libro Yoga en la cocina.<\/p>\n","protected":false},"excerpt":{"rendered":"<p>Consta de ocho secuencias de yoga con alineaci\u00f3n Bowspring de 30 minutos de duraci\u00f3n cada una. Cada lecci\u00f3n ejemplifica la pr\u00e1ctica &#8220;en movimiento&#8221; de la lecci\u00f3n correspondiente en el libro&hellip;<\/p>\n","protected":false},"featured_media":20119,"comment_status":"open","ping_status":"closed","template":"","meta":[],"product_brand":[],"product_cat":[333,322],"product_tag":[],"class_list":{"0":"post-20118","1":"product","2":"type-product","3":"status-publish","4":"has-post-thumbnail","6":"product_cat-practicos","7":"product_cat-videocurso","9":"first","10":"instock","11":"taxable","12":"shipping-taxable","13":"purchasable","14":"product-type-simple"},"jetpack_sharing_enabled":true,"_links":{"self":[{"href":"https:\/\/uranolearning.com\/index.php?rest_route=\/wp\/v2\/product\/20118","targetHints":{"allow":["GET"]}}],"collection":[{"href":"https:\/\/uranolearning.com\/index.php?rest_route=\/wp\/v2\/product"}],"about":[{"href":"https:\/\/uranolearning.com\/index.php?rest_route=\/wp\/v2\/types\/product"}],"replies":[{"embeddable":true,"href":"https:\/\/uranolearning.com\/index.php?rest_route=%2Fwp%2Fv2%2Fcomments&post=20118"}],"wp:featuredmedia":[{"embeddable":true,"href":"https:\/\/uranolearning.com\/index.php?rest_route=\/wp\/v2\/media\/20119"}],"wp:attachment":[{"href":"https:\/\/uranolearning.com\/index.php?rest_route=%2Fwp%2Fv2%2Fmedia&parent=20118"}],"wp:term":[{"taxonomy":"product_brand","embeddable":true,"href":"https:\/\/uranolearning.com\/index.php?rest_route=%2Fwp%2Fv2%2Fproduct_brand&post=20118"},{"taxonomy":"product_cat","embeddable":true,"href":"https:\/\/uranolearning.com\/index.php?rest_route=%2Fwp%2Fv2%2Fproduct_cat&post=20118"},{"taxonomy":"product_tag","embeddable":true,"href":"https:\/\/uranolearning.com\/index.php?rest_route=%2Fwp%2Fv2%2Fproduct_tag&post=20118"}],"curies":[{"name":"wp","href":"https:\/\/api.w.org\/{rel}","templated":true}]}}