{"id":20113,"date":"1970-01-01T00:00:00","date_gmt":"1969-12-31T23:00:00","guid":{"rendered":"https:\/\/uranolearning.com\/producto\/batidos-verdes-2\/"},"modified":"2025-11-01T18:27:26","modified_gmt":"2025-11-01T17:27:26","slug":"batidos-verdes-2","status":"publish","type":"product","link":"https:\/\/uranolearning.com\/?product=batidos-verdes-2","title":{"rendered":"Batidos verdes"},"content":{"rendered":"<p>En este curso Carla explica la diferencia entre zumos, batidos y leches vegetales, qu\u00e9 aportan cada uno de ellos a nuestra salud, para qu\u00e9 est\u00e1n indicados, posibles contraindicaciones y finalmente, c\u00f3mo hacerlos, qu\u00e9 ingredientes y m\u00e1quinas necesitamos as\u00ed como formas atractivas de hacerlos y presentarlos, trucos para que salgan bien, etc.  Es un curso de nutrici\u00f3n, no de cocina, aunque se explica como elaborar estos zumos, leches y batidos.<\/p>\n","protected":false},"excerpt":{"rendered":"<p>En este curso Carla explica la diferencia entre zumos, batidos y leches vegetales, qu\u00e9 aportan cada uno de ellos a nuestra salud, para qu\u00e9 est\u00e1n indicados, posibles contraindicaciones y finalmente,&hellip;<\/p>\n","protected":false},"featured_media":20114,"comment_status":"open","ping_status":"closed","template":"","meta":[],"product_brand":[],"product_cat":[333,332,322],"product_tag":[],"class_list":{"0":"post-20113","1":"product","2":"type-product","3":"status-publish","4":"has-post-thumbnail","6":"product_cat-practicos","7":"product_cat-salud-y-nutricion","8":"product_cat-videocurso","10":"first","11":"instock","12":"taxable","13":"shipping-taxable","14":"purchasable","15":"product-type-simple"},"jetpack_sharing_enabled":true,"_links":{"self":[{"href":"https:\/\/uranolearning.com\/index.php?rest_route=\/wp\/v2\/product\/20113","targetHints":{"allow":["GET"]}}],"collection":[{"href":"https:\/\/uranolearning.com\/index.php?rest_route=\/wp\/v2\/product"}],"about":[{"href":"https:\/\/uranolearning.com\/index.php?rest_route=\/wp\/v2\/types\/product"}],"replies":[{"embeddable":true,"href":"https:\/\/uranolearning.com\/index.php?rest_route=%2Fwp%2Fv2%2Fcomments&post=20113"}],"wp:featuredmedia":[{"embeddable":true,"href":"https:\/\/uranolearning.com\/index.php?rest_route=\/wp\/v2\/media\/20114"}],"wp:attachment":[{"href":"https:\/\/uranolearning.com\/index.php?rest_route=%2Fwp%2Fv2%2Fmedia&parent=20113"}],"wp:term":[{"taxonomy":"product_brand","embeddable":true,"href":"https:\/\/uranolearning.com\/index.php?rest_route=%2Fwp%2Fv2%2Fproduct_brand&post=20113"},{"taxonomy":"product_cat","embeddable":true,"href":"https:\/\/uranolearning.com\/index.php?rest_route=%2Fwp%2Fv2%2Fproduct_cat&post=20113"},{"taxonomy":"product_tag","embeddable":true,"href":"https:\/\/uranolearning.com\/index.php?rest_route=%2Fwp%2Fv2%2Fproduct_tag&post=20113"}],"curies":[{"name":"wp","href":"https:\/\/api.w.org\/{rel}","templated":true}]}}